{"id":9853,"date":"2025-01-17T17:41:25","date_gmt":"2025-01-17T15:41:25","guid":{"rendered":"https:\/\/www.medaustron.at\/?page_id=9853"},"modified":"2025-02-18T11:01:16","modified_gmt":"2025-02-18T09:01:16","slug":"arztinnenteam","status":"publish","type":"page","link":"https:\/\/www.medaustron.at\/tr\/arztinnenteam\/","title":{"rendered":"\u00c4rzt*innenteam"},"content":{"rendered":"<section class=\"m06 page-4766\">\n\n    <div class=\"page_banner__thumb\"\n         style=\"background-image: url(https:\/\/www.medaustron.at\/wp-content\/uploads\/2025\/01\/Web_Header_Team_20240720_TK_984.jpg);\"\n        >\n            <\/div>\n\n\n                        <div class=\"container\">\n                <div class=\"page_banner__bottom\">\n                                                                <div class=\"page_banner__content\">\n                                                            <h1>Doktor ekibimiz<\/h1>\n                                                                                        <p>\u015eu anda radyasyon onkolojisinde 10 uzman doktorumuz hastalar\u0131m\u0131zla ilgileniyor. Bir doktor hakk\u0131nda daha fazla bilgi almak i\u00e7in l\u00fctfen \u00f6z ge\u00e7mi\u015fine t\u0131klay\u0131n.<\/p>\n                                                                                <\/div>\n                                    <\/div>\n            <\/div>\n            <\/section>\n\n<section class=\"m26 page-48685\">\n    <div class=\"container\">\n        <div class=\"row has_gutter\">\n\t\t\t\t\t\t\t<div class=\"column-6 column-tab-6 column-mob-12\">\n\t\t\t\t\t<div class=\"m26_team\">\n\t\t\t\t\t\t<div class=\"m26_team__image\">\n\t\t\t\t\t\t\t<img decoding=\"async\" src=\"https:\/\/www.medaustron.at\/wp-content\/uploads\/2025\/01\/EHU_02-scaled-e1744702560374.jpeg\" alt=\"Prof. Dr. Eugen B. Hug\">\n\t\t\t\t\t\t<\/div>\n\t\t\t\t\t\t<div class=\"m26_team__content\">\n\t\t\t\t\t\t\t<h3>Prof. Dr. Eugen B. Hug<\/h3>\n\t\t\t\t\t\t\t<p>T\u0131bbi Direkt\u00f6r<\/p>\n\t\t\t\t\t\t\t\t\t\t\t\t\t\t<ul>\n\t\t\t\t\t\t\t\t\t\t\t\t\t\t\t\t\t<li><b>Uzmanl\u0131k alan\u0131: <\/b>Pediatrik maligniteler, kafatas\u0131 taban\u0131 t\u00fcm\u00f6rleri, sarkomlar<\/li>\n\t\t\t\t\t\t\t\t\t\t\t\t\t\t\t\t\t\t\t\t\t\t\t\t\t<li><b>Diller: <\/b> Almanca, \u0130ngilizce<\/li>\n\t\t\t\t\t\t\t\t\t\t\t\t\t\t\t<\/ul>\n\t\t\t\t\t\t\t<a href=\"https:\/\/www.medaustron.at\/tr\/team\/prof-dr-eugen-b-hug\/\" class=\"text-link\"><\/a>\n\t\t\t\t\t\t<\/div>\n\t\t\t\t\t<\/div>\n\t\t\t\t<\/div>\n\t\t\t\t\t\t\t<div class=\"column-6 column-tab-6 column-mob-12\">\n\t\t\t\t\t<div class=\"m26_team\">\n\t\t\t\t\t\t<div class=\"m26_team__image\">\n\t\t\t\t\t\t\t<img decoding=\"async\" src=\"https:\/\/www.medaustron.at\/wp-content\/uploads\/2021\/02\/2021_P010_MedAustron_TKP__050_AUSGEWAeHLT-e1632927865666.jpg\" alt=\"\u00dcniv. Prof. Dr. Piero Fossati\">\n\t\t\t\t\t\t<\/div>\n\t\t\t\t\t\t<div class=\"m26_team__content\">\n\t\t\t\t\t\t\t<h3>\u00dcniv. Prof. Dr. Piero Fossati<\/h3>\n\t\t\t\t\t\t\t<p>Radyasyon onkolojisi uzman\u0131, Bilimsel direkt\u00f6r, Karbon program\u0131 direkt\u00f6r\u00fc<\/p>\n\t\t\t\t\t\t\t\t\t\t\t\t\t\t<ul>\n\t\t\t\t\t\t\t\t\t\t\t\t\t\t\t\t\t<li><b>Uzmanl\u0131k alan\u0131: <\/b>Sarkomlar, KBB, Gastrointestinal<\/li>\n\t\t\t\t\t\t\t\t\t\t\t\t\t\t\t\t\t\t\t\t\t\t\t\t\t<li><b>Diller: <\/b> Almanca, \u0130ngilizce, \u0130talyanca<\/li>\n\t\t\t\t\t\t\t\t\t\t\t\t\t\t\t<\/ul>\n\t\t\t\t\t\t\t<a href=\"https:\/\/www.medaustron.at\/tr\/team\/univ-prof-dr-piero-fossati\/\" class=\"text-link\"><\/a>\n\t\t\t\t\t\t<\/div>\n\t\t\t\t\t<\/div>\n\t\t\t\t<\/div>\n\t\t\t\t\t\t\t<div class=\"column-6 column-tab-6 column-mob-12\">\n\t\t\t\t\t<div class=\"m26_team\">\n\t\t\t\t\t\t<div class=\"m26_team__image\">\n\t\t\t\t\t\t\t<img decoding=\"async\" src=\"https:\/\/www.medaustron.at\/wp-content\/uploads\/2022\/11\/BFL_2022-scaled.jpg\" alt=\"Dr. Birgit Flechl, PhD\">\n\t\t\t\t\t\t<\/div>\n\t\t\t\t\t\t<div class=\"m26_team__content\">\n\t\t\t\t\t\t\t<h3>Dr. Birgit Flechl, PhD<\/h3>\n\t\t\t\t\t\t\t<p>Radyasyon onkolojisi uzman\u0131<\/p>\n\t\t\t\t\t\t\t\t\t\t\t\t\t\t<ul>\n\t\t\t\t\t\t\t\t\t\t\t\t\t\t\t\t\t<li><b>Uzmanl\u0131k alan\u0131: <\/b>MSS t\u00fcm\u00f6rleri, n\u00f6rokognisyon, ya\u015fam kalitesi, pediatri<\/li>\n\t\t\t\t\t\t\t\t\t\t\t\t\t\t\t\t\t\t\t\t\t\t\t\t\t<li><b>Diller: <\/b> Almanca, \u0130ngilizce<\/li>\n\t\t\t\t\t\t\t\t\t\t\t\t\t\t\t<\/ul>\n\t\t\t\t\t\t\t<a href=\"https:\/\/www.medaustron.at\/tr\/team\/dr-birgit-flechl-phd\/\" class=\"text-link\"><\/a>\n\t\t\t\t\t\t<\/div>\n\t\t\t\t\t<\/div>\n\t\t\t\t<\/div>\n\t\t\t\t\t\t\t<div class=\"column-6 column-tab-6 column-mob-12\">\n\t\t\t\t\t<div class=\"m26_team\">\n\t\t\t\t\t\t<div class=\"m26_team__image\">\n\t\t\t\t\t\t\t<img decoding=\"async\" src=\"https:\/\/www.medaustron.at\/wp-content\/uploads\/2025\/05\/Goy_Portrait-scaled.jpeg\" alt=\"Dr. Yvonne Goy\">\n\t\t\t\t\t\t<\/div>\n\t\t\t\t\t\t<div class=\"m26_team__content\">\n\t\t\t\t\t\t\t<h3>Dr. Yvonne Goy<\/h3>\n\t\t\t\t\t\t\t<p>Radyasyon onkolojisi uzman\u0131<\/p>\n\t\t\t\t\t\t\t\t\t\t\t\t\t\t<ul>\n\t\t\t\t\t\t\t\t\t\t\t\t\t\t\t\t\t\t\t\t\t\t\t<\/ul>\n\t\t\t\t\t\t\t<a href=\"https:\/\/www.medaustron.at\/tr\/team\/dr-yvonne-goy\/\" class=\"text-link\"><\/a>\n\t\t\t\t\t\t<\/div>\n\t\t\t\t\t<\/div>\n\t\t\t\t<\/div>\n\t\t\t\t\t\t\t<div class=\"column-6 column-tab-6 column-mob-12\">\n\t\t\t\t\t<div class=\"m26_team\">\n\t\t\t\t\t\t<div class=\"m26_team__image\">\n\t\t\t\t\t\t\t<img decoding=\"async\" src=\"https:\/\/www.medaustron.at\/wp-content\/uploads\/2021\/06\/2021_P010_MedAustron_TKP_1110-2.jpg\" alt=\"Dr. Carola L\u00fctgendorf-Caucig, MPH, MBA\">\n\t\t\t\t\t\t<\/div>\n\t\t\t\t\t\t<div class=\"m26_team__content\">\n\t\t\t\t\t\t\t<h3>Dr. Carola L\u00fctgendorf-Caucig, MPH, MBA<\/h3>\n\t\t\t\t\t\t\t<p>Radyasyon onkolojisi uzman\u0131<\/p>\n\t\t\t\t\t\t\t\t\t\t\t\t\t\t<ul>\n\t\t\t\t\t\t\t\t\t\t\t\t\t\t\t\t\t<li><b>Uzmanl\u0131k alan\u0131: <\/b>Pediatri, ZNS<\/li>\n\t\t\t\t\t\t\t\t\t\t\t\t\t\t\t\t\t\t\t\t\t\t\t\t\t<li><b>Diller: <\/b> Almanca, \u0130ngilizce<\/li>\n\t\t\t\t\t\t\t\t\t\t\t\t\t\t\t<\/ul>\n\t\t\t\t\t\t\t<a href=\"https:\/\/www.medaustron.at\/tr\/team\/dr-carola-lutgendorf-caucig-mph-mba\/\" class=\"text-link\"><\/a>\n\t\t\t\t\t\t<\/div>\n\t\t\t\t\t<\/div>\n\t\t\t\t<\/div>\n\t\t\t\t\t\t\t<div class=\"column-6 column-tab-6 column-mob-12\">\n\t\t\t\t\t<div class=\"m26_team\">\n\t\t\t\t\t\t<div class=\"m26_team__image\">\n\t\t\t\t\t\t\t<img decoding=\"async\" src=\"https:\/\/www.medaustron.at\/wp-content\/uploads\/2021\/06\/2021_P010_MedAustron_TKP__105-e1623064589507.jpg\" alt=\"\u00dcniv.-Doz. Dr. Ulrike Mock\">\n\t\t\t\t\t\t<\/div>\n\t\t\t\t\t\t<div class=\"m26_team__content\">\n\t\t\t\t\t\t\t<h3>\u00dcniv.-Doz. Dr. Ulrike Mock<\/h3>\n\t\t\t\t\t\t\t<p>Radyasyon onkolojisi uzman\u0131<\/p>\n\t\t\t\t\t\t\t\t\t\t\t\t\t\t<ul>\n\t\t\t\t\t\t\t\t\t\t\t\t\t\t\t\t\t<li><b>Uzmanl\u0131k alan\u0131: <\/b>Pediatrik t\u00fcm\u00f6rler, kafa taban\u0131 t\u00fcm\u00f6rleri<\/li>\n\t\t\t\t\t\t\t\t\t\t\t\t\t\t\t\t\t\t\t\t\t\t\t\t\t<li><b>Diller: <\/b> Almanca, \u0130ngilizce<\/li>\n\t\t\t\t\t\t\t\t\t\t\t\t\t\t\t<\/ul>\n\t\t\t\t\t\t\t<a href=\"https:\/\/www.medaustron.at\/tr\/team\/univ-doz-dr-ulrike-mock\/\" class=\"text-link\"><\/a>\n\t\t\t\t\t\t<\/div>\n\t\t\t\t\t<\/div>\n\t\t\t\t<\/div>\n\t\t\t\t\t\t\t<div class=\"column-6 column-tab-6 column-mob-12\">\n\t\t\t\t\t<div class=\"m26_team\">\n\t\t\t\t\t\t<div class=\"m26_team__image\">\n\t\t\t\t\t\t\t<img decoding=\"async\" src=\"https:\/\/www.medaustron.at\/wp-content\/uploads\/2024\/10\/Moll_Portrait-scaled.jpeg\" alt=\"PD Dr. Matthias Moll, MBA\">\n\t\t\t\t\t\t<\/div>\n\t\t\t\t\t\t<div class=\"m26_team__content\">\n\t\t\t\t\t\t\t<h3>PD Dr. Matthias Moll, MBA<\/h3>\n\t\t\t\t\t\t\t<p>Radyasyon onkolojisi uzman\u0131, \u00dcrogenital\/Prostat Grup Lideri<\/p>\n\t\t\t\t\t\t\t\t\t\t\t\t\t\t<ul>\n\t\t\t\t\t\t\t\t\t\t\t\t\t\t\t\t\t<li><b>Uzmanl\u0131k alan\u0131: <\/b>Prostat kanseri<\/li>\n\t\t\t\t\t\t\t\t\t\t\t\t\t\t\t\t\t\t\t\t\t\t\t\t\t<li><b>Diller: <\/b> Almanca, \u0130ngilizce<\/li>\n\t\t\t\t\t\t\t\t\t\t\t\t\t\t\t<\/ul>\n\t\t\t\t\t\t\t<a href=\"https:\/\/www.medaustron.at\/tr\/team\/pd-dr-matthias-moll-mba\/\" class=\"text-link\"><\/a>\n\t\t\t\t\t\t<\/div>\n\t\t\t\t\t<\/div>\n\t\t\t\t<\/div>\n\t\t\t\t\t\t\t<div class=\"column-6 column-tab-6 column-mob-12\">\n\t\t\t\t\t<div class=\"m26_team\">\n\t\t\t\t\t\t<div class=\"m26_team__image\">\n\t\t\t\t\t\t\t<img decoding=\"async\" src=\"https:\/\/www.medaustron.at\/wp-content\/uploads\/2021\/06\/Mozes_Portrait-scaled.jpeg\" alt=\"Dr. Petra Mozes\">\n\t\t\t\t\t\t<\/div>\n\t\t\t\t\t\t<div class=\"m26_team__content\">\n\t\t\t\t\t\t\t<h3>Dr. Petra Mozes<\/h3>\n\t\t\t\t\t\t\t<p>Radyasyon onkolojisi uzman\u0131<\/p>\n\t\t\t\t\t\t\t\t\t\t\t\t\t\t<ul>\n\t\t\t\t\t\t\t\t\t\t\t\t\t\t\t\t\t<li><b>Uzmanl\u0131k alan\u0131: <\/b>CNS, KBB<\/li>\n\t\t\t\t\t\t\t\t\t\t\t\t\t\t\t\t\t\t\t\t\t\t\t\t\t<li><b>Diller: <\/b> Almanca, \u0130ngilizce, Macarca<\/li>\n\t\t\t\t\t\t\t\t\t\t\t\t\t\t\t<\/ul>\n\t\t\t\t\t\t\t<a href=\"https:\/\/www.medaustron.at\/tr\/team\/dr-petra-mozes\/\" class=\"text-link\"><\/a>\n\t\t\t\t\t\t<\/div>\n\t\t\t\t\t<\/div>\n\t\t\t\t<\/div>\n\t\t\t\t\t\t\t<div class=\"column-6 column-tab-6 column-mob-12\">\n\t\t\t\t\t<div class=\"m26_team\">\n\t\t\t\t\t\t<div class=\"m26_team__image\">\n\t\t\t\t\t\t\t<img decoding=\"async\" src=\"https:\/\/www.medaustron.at\/wp-content\/uploads\/2025\/06\/Steffal_Portrait_cropped-scaled.jpg\" alt=\"Dr. Claudia Steffal HCM, EMBA\">\n\t\t\t\t\t\t<\/div>\n\t\t\t\t\t\t<div class=\"m26_team__content\">\n\t\t\t\t\t\t\t<h3>Dr. Claudia Steffal HCM, EMBA<\/h3>\n\t\t\t\t\t\t\t<p>Fach\u00e4rztin f\u00fcr Radioonkologie<\/p>\n\t\t\t\t\t\t\t\t\t\t\t\t\t\t<ul>\n\t\t\t\t\t\t\t\t\t\t\t\t\t\t\t\t\t<li><b>Uzmanl\u0131k alan\u0131: <\/b>ZNS-Tumore, Lungentumore, Lymphome, Prostatakarzinom, Mammakarzinom<\/li>\n\t\t\t\t\t\t\t\t\t\t\t\t\t\t\t\t\t\t\t\t\t\t\t\t\t<li><b>Diller: <\/b> Deutsch, Englisch, Franz\u00f6sisch, Slowenisch<\/li>\n\t\t\t\t\t\t\t\t\t\t\t\t\t\t\t<\/ul>\n\t\t\t\t\t\t\t<a href=\"https:\/\/www.medaustron.at\/tr\/team\/dr-claudia-steffal-hcm-emba\/\" class=\"text-link\"><\/a>\n\t\t\t\t\t\t<\/div>\n\t\t\t\t\t<\/div>\n\t\t\t\t<\/div>\n\t\t\t        <\/div>\n    <\/div>\n<\/section>\n\n\n<section class=\"m04 page-51485\">\n    <div class=\"container\">\n        <div class=\"row has_gutter\">\n            <div class=\"column-8 column-mob-12\">\n            \t\t            \t<h5>Bizimle ileti\u015fime ge\u00e7in<\/h5>\n            \t            \t            \t\t<h3>\u0130yon terapisi ile ilgili sorular\u0131n\u0131z m\u0131 var?<\/h3>\n            \t            \t            \t\t<p>Terapi veya ak\u0131\u015f ile ilgili sorular\u0131n\u0131z m\u0131 var? Her ne \u00f6\u011frenmek istiyorsan\u0131z bizimle ileti\u015fim kurmaktan \u00e7ekinmeyin. Size iki i\u015f g\u00fcn\u00fc i\u00e7erisinde d\u00f6n\u00fc\u015f yapaca\u011f\u0131z.<\/p>\n            \t                                    <a href=\"https:\/\/www.medaustron.at\/tr\/therapieanfrage\/\" target=\"_blank\">Terapi ba\u015fvurusu<\/a>\n                                            <\/div>\n            <div class=\"column-4 hidden-mob\">\n                                    <img decoding=\"async\" src=\"https:\/\/www.medaustron.at\/wp-content\/uploads\/2020\/12\/contact-icon.svg\" alt=\"\u0130yon terapisi ile ilgili sorular\u0131n\u0131z m\u0131 var?\">\n                            <\/div>\n        <\/div>\n    <\/div>\n<\/section>\n","protected":false},"excerpt":{"rendered":"","protected":false},"author":12,"featured_media":0,"parent":0,"menu_order":24,"comment_status":"closed","ping_status":"closed","template":"","meta":{"_acf_changed":false,"_uag_custom_page_level_css":"","footnotes":""},"class_list":["post-9853","page","type-page","status-publish","hentry"],"acf":[],"uagb_featured_image_src":{"full":false,"thumbnail":false,"medium":false,"medium_large":false,"large":false,"1536x1536":false,"2048x2048":false,"gform-image-choice-sm":false,"gform-image-choice-md":false,"gform-image-choice-lg":false},"uagb_author_info":{"display_name":"Andreas Teufel","author_link":"https:\/\/www.medaustron.at\/tr\/author\/a-teufel\/"},"uagb_comment_info":0,"uagb_excerpt":null,"_links":{"self":[{"href":"https:\/\/www.medaustron.at\/tr\/wp-json\/wp\/v2\/pages\/9853","targetHints":{"allow":["GET"]}}],"collection":[{"href":"https:\/\/www.medaustron.at\/tr\/wp-json\/wp\/v2\/pages"}],"about":[{"href":"https:\/\/www.medaustron.at\/tr\/wp-json\/wp\/v2\/types\/page"}],"author":[{"embeddable":true,"href":"https:\/\/www.medaustron.at\/tr\/wp-json\/wp\/v2\/users\/12"}],"replies":[{"embeddable":true,"href":"https:\/\/www.medaustron.at\/tr\/wp-json\/wp\/v2\/comments?post=9853"}],"version-history":[{"count":5,"href":"https:\/\/www.medaustron.at\/tr\/wp-json\/wp\/v2\/pages\/9853\/revisions"}],"predecessor-version":[{"id":10249,"href":"https:\/\/www.medaustron.at\/tr\/wp-json\/wp\/v2\/pages\/9853\/revisions\/10249"}],"wp:attachment":[{"href":"https:\/\/www.medaustron.at\/tr\/wp-json\/wp\/v2\/media?parent=9853"}],"curies":[{"name":"wp","href":"https:\/\/api.w.org\/{rel}","templated":true}]}}