{"id":9829,"date":"2025-01-17T17:30:04","date_gmt":"2025-01-17T15:30:04","guid":{"rendered":"https:\/\/www.medaustron.at\/?page_id=9829"},"modified":"2025-02-18T10:58:19","modified_gmt":"2025-02-18T08:58:19","slug":"in-behandlung","status":"publish","type":"page","link":"https:\/\/www.medaustron.at\/tr\/in-behandlung\/","title":{"rendered":"In Behandlung"},"content":{"rendered":"<section class=\"m06 page-29949\">\n\n    <div class=\"page_banner__thumb\"\n         style=\"background-image: url(https:\/\/www.medaustron.at\/wp-content\/uploads\/2021\/06\/2021_P010_MedAustron_TKP__850-e1623065388160.jpg);\"\n        >\n            <\/div>\n\n\n                        <div class=\"container\">\n                <div class=\"page_banner__bottom\">\n                                            <div class=\"page_banner__box\">\n                                                            <h5>Bir \u00e7al\u0131\u015fan\u0131n s\u00f6zleriyle<\/h5>\n                                                                                        <h3>\u201cRadyoloji teknisyeni olarak hastalar\u0131n g\u00fcnden g\u00fcne korkusunu gidermek ve onlara g\u00fcven vermek benim i\u00e7in son derece g\u00fczel bir duygu.\u201d<\/h3>\n                                                                                        <h4>Stefanie Carlino, MSc \u2013 Radyoloji teknisyeni<\/h4>\n                                                    <\/div>\n                                                                <div class=\"page_banner__content\">\n                                                            <h1>Tedavide<\/h1>\n                                                                                        <p>Terapi ak\u0131\u015f\u0131 ve hasta hizmetleri ile ilgili ayr\u0131nt\u0131lar\u0131 ilgili sayfalarda bulabilirsiniz.<\/p>\n                                                                                <\/div>\n                                    <\/div>\n            <\/div>\n            <\/section>\n\n<section class=\"m16 page-53434\"  style=\"background-color: #F5F5F5\" >\n    <div class=\"container\">\n        <div class=\"row has_gutter\">\n            <div class=\"column-6  column-mob-12 column-tab-12 m16-left\">\n                                <h1>Tedavi ak\u0131\u015f\u0131<\/h1>\n                                                <p class=\"m16-subtitle\">Hastalar\u0131m\u0131z\u0131n hastal\u0131k hikayeleri ne kadar ki\u015fiye \u00f6zelse, tedavi plan\u0131na eri\u015fimimiz de o kadar bireyseldir.<\/p>\n                \n                                <p class=\"m16-text\">Hi\u00e7bir terapi ak\u0131\u015f\u0131 ayn\u0131 de\u011fildir. Yine de, hastalar\u0131m\u0131za m\u00fcmk\u00fcn olan en b\u00fcy\u00fck hassasiyeti ve g\u00fcvenli\u011fi sa\u011flamak i\u00e7in her tedaviyi karakterize eden baz\u0131 parametreler mevcuttur.<\/p>\n                \n                <div class=\"m16-left-buttons\">\n                                                            <a href=\"https:\/\/www.medaustron.at\/wp-content\/uploads\/2025\/01\/Timeline-Therapie-fuer-Patienten-v4-tur.pdf\" class=\"m16-button m16-button--outlined\"\n                        target=\"_blank\">PDF indir<\/a>\n                                    <\/div>\n            <\/div>\n            <div class=\"column-6 column-mob-12 column-tab-12  m16-right\">\n                <div class=\"m16-steps\">\n                                        <div class=\"m16-steps__step\">\n                        <div class=\"m16-steps__step-line\"><span>1<\/span><\/div>\n                        <h6 class=\"m16-steps-title\">Ayd\u0131nlatma g\u00f6r\u00fc\u015fmesi<\/h6>\n                        <p class=\"m16-steps-text\">Tedavinin ba\u015f\u0131nda bir ayd\u0131nlatma g\u00f6r\u00fc\u015fmesine davet edileceksiniz. Doktorunuz sizinle t\u00fcm\u00f6r hastal\u0131\u011f\u0131n\u0131z\u0131, iyon terapisinin etkilerini ve olas\u0131 yan etkilerini ve ayr\u0131ca tedavi ak\u0131\u015f\u0131n\u0131z\u0131 g\u00f6r\u00fc\u015fecek ve sorular\u0131n\u0131z\u0131 yan\u0131tlayacakt\u0131r.<\/p>\n                    <\/div>\n                                        <div class=\"m16-steps__step\">\n                        <div class=\"m16-steps__step-line\"><span>2<\/span><\/div>\n                        <h6 class=\"m16-steps-title\">Haz\u0131rl\u0131klar<\/h6>\n                        <p class=\"m16-steps-text\">Ayr\u0131nt\u0131lar netle\u015ftirildikten ve tedavi i\u00e7in onay\u0131n\u0131z al\u0131nd\u0131ktan sonra, \u00f6ncelikle baz\u0131 haz\u0131rl\u0131klar\u0131n yap\u0131lmas\u0131 gerekmektedir. Sizin i\u00e7in ki\u015fiye \u00f6zel konumland\u0131rma yard\u0131mlar\u0131 olu\u015fturulacakt\u0131r, \u00f6rn. termoplastik maskeler veya konumland\u0131rma yataklar\u0131. Y\u00fcksek hassasiyetle \u0131\u015f\u0131n alabilmeniz ve sa\u011fl\u0131kl\u0131 dokunun korunabilmesi i\u00e7in bu gereklidir. Bu yard\u0131mc\u0131 gere\u00e7ler, her tedavi i\u00e7in tam olarak ayn\u0131 konumda bulunman\u0131z\u0131 sa\u011fl\u0131yorlar.<\/p>\n                    <\/div>\n                                        <div class=\"m16-steps__step\">\n                        <div class=\"m16-steps__step-line\"><span>3<\/span><\/div>\n                        <h6 class=\"m16-steps-title\">CT taramas\u0131<\/h6>\n                        <p class=\"m16-steps-text\">Ard\u0131ndan bir CT taramas\u0131 ger\u00e7ekle\u015ftiriyoruz. Bu CT g\u00f6r\u00fcnt\u00fclerinin yard\u0131m\u0131yla sizin i\u00e7in ki\u015fiye \u00f6zel bir \u0131\u015f\u0131nlama plan\u0131 olu\u015fturulur. As\u0131l tedaviden \u00f6nce, t\u00fcm\u00f6r\u00fcn en iyi \u015fekilde nas\u0131l \u0131\u015f\u0131nlanabilece\u011fi ve ayn\u0131 zamanda \u00e7evredeki sa\u011fl\u0131kl\u0131 dokunun en iyi \u015fekilde nas\u0131l korunabilece\u011fi hesaplan\u0131yor.<\/p>\n                    <\/div>\n                                        <div class=\"m16-steps__step\">\n                        <div class=\"m16-steps__step-line\"><span>4<\/span><\/div>\n                        <h6 class=\"m16-steps-title\">Tedavi birimleri<\/h6>\n                        <p class=\"m16-steps-text\">As\u0131l tedaviniz i\u00e7in her g\u00fcn bir \u0131\u015f\u0131n terapisi seans\u0131 MedAustron&#8217;a geleceksiniz. Ka\u00e7 \u00fcnitenin gerekli oldu\u011fu bireysel olarak t\u00fcm\u00f6r hastal\u0131\u011f\u0131n\u0131za ba\u011fl\u0131d\u0131r. T\u00fcm\u00f6r\u00fc yok edebilecek hesaplanm\u0131\u015f toplam doza ula\u015f\u0131lana kadar fraksiyon ba\u015f\u0131na k\u00fc\u00e7\u00fck bireysel dozlarla \u0131\u015f\u0131n verilir.<\/p>\n                    <\/div>\n                                        <div class=\"m16-steps__step\">\n                        <div class=\"m16-steps__step-line\"><span>5<\/span><\/div>\n                        <h6 class=\"m16-steps-title\">A\u011fr\u0131s\u0131z \u0131\u015f\u0131n terapisi<\/h6>\n                        <p class=\"m16-steps-text\">As\u0131l \u0131\u015f\u0131n terapisinin kendisi tamamen a\u011fr\u0131s\u0131zd\u0131r. \u0130yon \u0131\u015f\u0131n\u0131 t\u00fcm\u00f6r\u00fc katman katman tarar ve t\u00fcm\u00f6r\u00fcn her noktas\u0131na \u00f6nceden hesaplanan dozu uygular.<\/p>\n                    <\/div>\n                                    <\/div>\n            <\/div>\n        <\/div>\n    <\/div>\n<\/section>\n\n<section class=\"m12 page-35961\">\n    <div class=\"container\">\n        <div class=\"main_title\">\n            <div class=\"main_title__left\">\n                                <span>Terapi merkezi hakk\u0131nda<\/span>\n                                                <h3>MedAustron terapi merkezi<\/h3>\n                            <\/div>\n            <div class=\"main_title__right\">\n                            <\/div>\n        <\/div>\n        <div class=\"m12__inner\">\n            <div class=\"m12__left\">\n                                <p class=\"excerpt\">Y\u00fcksek teknolojiye sahip donan\u0131m ve konforlu bir ortam birbiriyle \u00e7eli\u015fmek zorunda de\u011fil: Binam\u0131zda, \u0131\u015f\u0131kland\u0131r\u0131lm\u0131\u015f bekleme alanlar\u0131 ve tedavi odalar\u0131ndaki s\u0131cak ah\u015fap rahat ambiyans olu\u015fturuyor.<\/p>\n                                                <p>Tedavi odalar\u0131ndaki renk modlar\u0131n\u0131 ve m\u00fczi\u011fi hastalar\u0131m\u0131z\u0131n bireysel isteklerine g\u00f6re uyarl\u0131yoruz. G\u00fcvenli\u011finizi tedavi odas\u0131nda bulunan ve \u0131\u015f\u0131n terapisi s\u0131ras\u0131nda milimetrik hassasiyetle her zaman do\u011fru pozisyonda olman\u0131z\u0131 robot kontroll\u00fc koltuk sa\u011fl\u0131yor. Ancak hepsinden de \u00f6nemlisi, hastalar\u0131m\u0131z\u0131n sorular\u0131n\u0131 ve endi\u015felerini dinlemeye her zaman haz\u0131r olan t\u00fcm ekibimiz taraf\u0131ndan sa\u011flanan ki\u015fiselle\u015ftirilmi\u015f bak\u0131md\u0131r.<\/p>\n                            <\/div>\n                        <div class=\"m12__right m12-slider\">\n                \t\t\t\t\t\t\t\t\t\t\t<figure>\n\t\t\t\t\t\t\t<img decoding=\"async\" src=\"https:\/\/www.medaustron.at\/wp-content\/uploads\/2021\/06\/150506_TKP7674.jpg\" alt=\"\">\n\t\t\t\t\t\t\t<div class=\"m12__right__bottom\">\n\t\t\t\t\t\t\t\t<span>1 &#8211; 5<\/span>\n\t\t\t\t\t\t\t\t\t\t\t\t\t\t\t<\/div>\n\t\t\t\t\t\t<\/figure>\n\t\t\t\t\t                \t\t\t\t\t\t\t\t\t\t\t<figure>\n\t\t\t\t\t\t\t<img decoding=\"async\" src=\"https:\/\/www.medaustron.at\/wp-content\/uploads\/2021\/06\/KAEST-20140212-059.jpg\" alt=\"\">\n\t\t\t\t\t\t\t<div class=\"m12__right__bottom\">\n\t\t\t\t\t\t\t\t<span>2 &#8211; 5<\/span>\n\t\t\t\t\t\t\t\t\t\t\t\t\t\t\t<\/div>\n\t\t\t\t\t\t<\/figure>\n\t\t\t\t\t                \t\t\t\t\t\t\t\t\t\t\t<figure>\n\t\t\t\t\t\t\t<img decoding=\"async\" src=\"https:\/\/www.medaustron.at\/wp-content\/uploads\/2021\/06\/150409_TKP6603.jpg\" alt=\"\">\n\t\t\t\t\t\t\t<div class=\"m12__right__bottom\">\n\t\t\t\t\t\t\t\t<span>3 &#8211; 5<\/span>\n\t\t\t\t\t\t\t\t\t\t\t\t\t\t\t<\/div>\n\t\t\t\t\t\t<\/figure>\n\t\t\t\t\t                \t\t\t\t\t\t\t\t\t\t\t<figure>\n\t\t\t\t\t\t\t<img decoding=\"async\" src=\"https:\/\/www.medaustron.at\/wp-content\/uploads\/2021\/08\/95-TK-20121002-049-Master.jpg\" alt=\"\">\n\t\t\t\t\t\t\t<div class=\"m12__right__bottom\">\n\t\t\t\t\t\t\t\t<span>4 &#8211; 5<\/span>\n\t\t\t\t\t\t\t\t\t\t\t\t\t\t\t<\/div>\n\t\t\t\t\t\t<\/figure>\n\t\t\t\t\t                \t\t\t\t\t\t\t\t\t\t\t<figure>\n\t\t\t\t\t\t\t<img decoding=\"async\" src=\"https:\/\/www.medaustron.at\/wp-content\/uploads\/2021\/08\/ER_2499c.jpg\" alt=\"\">\n\t\t\t\t\t\t\t<div class=\"m12__right__bottom\">\n\t\t\t\t\t\t\t\t<span>5 &#8211; 5<\/span>\n\t\t\t\t\t\t\t\t\t\t\t\t\t\t\t<\/div>\n\t\t\t\t\t\t<\/figure>\n\t\t\t\t\t                            <\/div>\n                    <\/div>\n    <\/div>\n<\/section>\n\n\n<section class=\"m13 page-80733\">\n\t<div class=\"container\">\n\t\t<div class=\"row has_gutter\">\n\t\t\t<div class=\"column-12\">\n\t\t\t\t<div class=\"m13-head main_title align-start\">\n\t\t\t\t\t<div class=\"main_title__left\">\n\t\t\t\t\t\t\t\t\t\t\t\t\t<span>T\u0131bbi ekibimiz hakk\u0131nda daha fazla bilgi<\/span>\n\t\t\t\t\t\t\t\n\t\t\t\t\t\t\t\t\t\t\t\t\t<h3>Doktor ekibi<\/h3>\n\t\t\t\t\t\t\t\n\t\t\t\t\t<\/div>\n\n\t\t\t\t\t\t\t\t\t\t\t<div class=\"main_title__right\">\n\t\t\t\t\t\t\t<a href=\"https:\/\/www.medaustron.at\/tr\/arztinnenteam\/\" class=\"btn_link_with_arrow\" target=\"_blank\">T\u00fcm doktorlar<\/a>\n\t\t\t\t\t\t<\/div>\n\t\t\t\t\t\t\t\t\t<\/div>\n\t\t\t<\/div>\n\t\t<\/div>\n\t<\/div>\n\t<div class=\"m13-body\">\n\t\t<div class=\"m13-body-slider m13-slider\">\n\t\t\t\t\t\t\t<div class=\"m13-body-slider_box\">\n\t\t\t\t\t<a href=\"https:\/\/www.medaustron.at\/tr\/team\/prof-dr-eugen-b-hug\/\">\n\t\t\t\t\t\t<div class=\"m13-body-slider_box__img\">\n\t\t\t\t\t\t\t<img decoding=\"async\" src=\"https:\/\/www.medaustron.at\/wp-content\/uploads\/2025\/01\/EHU_02-scaled-e1744702560374.jpeg\" alt=\"\">\n\t\t\t\t\t\t<\/div>\n\t\t\t\t\t\t<h4>Prof. Dr. Eugen B. Hug<\/h4>\n\t\t\t\t\t\t<p>T\u0131bbi Direkt\u00f6r<\/p>\n\t\t\t\t\t<\/a>\n\t\t\t\t<\/div>\n\t\t\t\t\t\t\t<div class=\"m13-body-slider_box\">\n\t\t\t\t\t<a href=\"https:\/\/www.medaustron.at\/tr\/team\/univ-prof-dr-piero-fossati\/\">\n\t\t\t\t\t\t<div class=\"m13-body-slider_box__img\">\n\t\t\t\t\t\t\t<img decoding=\"async\" src=\"https:\/\/www.medaustron.at\/wp-content\/uploads\/2021\/02\/2021_P010_MedAustron_TKP__050_AUSGEWAeHLT-e1632927865666.jpg\" alt=\"\">\n\t\t\t\t\t\t<\/div>\n\t\t\t\t\t\t<h4>\u00dcniv. Prof. Dr. Piero Fossati<\/h4>\n\t\t\t\t\t\t<p>Radyasyon onkolojisi uzman\u0131, Bilimsel direkt\u00f6r, Karbon program\u0131 direkt\u00f6r\u00fc<\/p>\n\t\t\t\t\t<\/a>\n\t\t\t\t<\/div>\n\t\t\t\t\t\t\t<div class=\"m13-body-slider_box\">\n\t\t\t\t\t<a href=\"https:\/\/www.medaustron.at\/tr\/team\/dr-birgit-flechl-phd\/\">\n\t\t\t\t\t\t<div class=\"m13-body-slider_box__img\">\n\t\t\t\t\t\t\t<img decoding=\"async\" src=\"https:\/\/www.medaustron.at\/wp-content\/uploads\/2022\/11\/BFL_2022-scaled.jpg\" alt=\"\">\n\t\t\t\t\t\t<\/div>\n\t\t\t\t\t\t<h4>Dr. Birgit Flechl, PhD<\/h4>\n\t\t\t\t\t\t<p>Radyasyon onkolojisi uzman\u0131<\/p>\n\t\t\t\t\t<\/a>\n\t\t\t\t<\/div>\n\t\t\t\t\t\t\t<div class=\"m13-body-slider_box\">\n\t\t\t\t\t<a href=\"https:\/\/www.medaustron.at\/tr\/team\/dr-yvonne-goy\/\">\n\t\t\t\t\t\t<div class=\"m13-body-slider_box__img\">\n\t\t\t\t\t\t\t<img decoding=\"async\" src=\"https:\/\/www.medaustron.at\/wp-content\/uploads\/2025\/05\/Goy_Portrait-scaled.jpeg\" alt=\"\">\n\t\t\t\t\t\t<\/div>\n\t\t\t\t\t\t<h4>Dr. Yvonne Goy<\/h4>\n\t\t\t\t\t\t<p>Radyasyon onkolojisi uzman\u0131<\/p>\n\t\t\t\t\t<\/a>\n\t\t\t\t<\/div>\n\t\t\t\t\t\t\t<div class=\"m13-body-slider_box\">\n\t\t\t\t\t<a href=\"https:\/\/www.medaustron.at\/tr\/team\/dr-carola-lutgendorf-caucig-mph-mba\/\">\n\t\t\t\t\t\t<div class=\"m13-body-slider_box__img\">\n\t\t\t\t\t\t\t<img decoding=\"async\" src=\"https:\/\/www.medaustron.at\/wp-content\/uploads\/2021\/06\/2021_P010_MedAustron_TKP_1110-2.jpg\" alt=\"\">\n\t\t\t\t\t\t<\/div>\n\t\t\t\t\t\t<h4>Dr. Carola L\u00fctgendorf-Caucig, MPH, MBA<\/h4>\n\t\t\t\t\t\t<p>Radyasyon onkolojisi uzman\u0131<\/p>\n\t\t\t\t\t<\/a>\n\t\t\t\t<\/div>\n\t\t\t\t\t\t\t<div class=\"m13-body-slider_box\">\n\t\t\t\t\t<a href=\"https:\/\/www.medaustron.at\/tr\/team\/univ-doz-dr-ulrike-mock\/\">\n\t\t\t\t\t\t<div class=\"m13-body-slider_box__img\">\n\t\t\t\t\t\t\t<img decoding=\"async\" src=\"https:\/\/www.medaustron.at\/wp-content\/uploads\/2021\/06\/2021_P010_MedAustron_TKP__105-e1623064589507.jpg\" alt=\"\">\n\t\t\t\t\t\t<\/div>\n\t\t\t\t\t\t<h4>\u00dcniv.-Doz. Dr. Ulrike Mock<\/h4>\n\t\t\t\t\t\t<p>Radyasyon onkolojisi uzman\u0131<\/p>\n\t\t\t\t\t<\/a>\n\t\t\t\t<\/div>\n\t\t\t\t\t\t\t<div class=\"m13-body-slider_box\">\n\t\t\t\t\t<a href=\"https:\/\/www.medaustron.at\/tr\/team\/pd-dr-matthias-moll-mba\/\">\n\t\t\t\t\t\t<div class=\"m13-body-slider_box__img\">\n\t\t\t\t\t\t\t<img decoding=\"async\" src=\"https:\/\/www.medaustron.at\/wp-content\/uploads\/2024\/10\/Moll_Portrait-scaled.jpeg\" alt=\"\">\n\t\t\t\t\t\t<\/div>\n\t\t\t\t\t\t<h4>PD Dr. Matthias Moll, MBA<\/h4>\n\t\t\t\t\t\t<p>Radyasyon onkolojisi uzman\u0131, \u00dcrogenital\/Prostat Grup Lideri<\/p>\n\t\t\t\t\t<\/a>\n\t\t\t\t<\/div>\n\t\t\t\t\t\t\t<div class=\"m13-body-slider_box\">\n\t\t\t\t\t<a href=\"https:\/\/www.medaustron.at\/tr\/team\/dr-petra-mozes\/\">\n\t\t\t\t\t\t<div class=\"m13-body-slider_box__img\">\n\t\t\t\t\t\t\t<img decoding=\"async\" src=\"https:\/\/www.medaustron.at\/wp-content\/uploads\/2021\/06\/Mozes_Portrait-scaled.jpeg\" alt=\"\">\n\t\t\t\t\t\t<\/div>\n\t\t\t\t\t\t<h4>Dr. Petra Mozes<\/h4>\n\t\t\t\t\t\t<p>Radyasyon onkolojisi uzman\u0131<\/p>\n\t\t\t\t\t<\/a>\n\t\t\t\t<\/div>\n\t\t\t\t\t\t\t<div class=\"m13-body-slider_box\">\n\t\t\t\t\t<a href=\"https:\/\/www.medaustron.at\/tr\/team\/dr-claudia-steffal-hcm-emba\/\">\n\t\t\t\t\t\t<div class=\"m13-body-slider_box__img\">\n\t\t\t\t\t\t\t<img decoding=\"async\" src=\"https:\/\/www.medaustron.at\/wp-content\/uploads\/2025\/06\/Steffal_Portrait_cropped-scaled.jpg\" alt=\"\">\n\t\t\t\t\t\t<\/div>\n\t\t\t\t\t\t<h4>Dr. Claudia Steffal HCM, EMBA<\/h4>\n\t\t\t\t\t\t<p>Fach\u00e4rztin f\u00fcr Radioonkologie<\/p>\n\t\t\t\t\t<\/a>\n\t\t\t\t<\/div>\n\t\t\t\t\t<\/div>\n\t<\/div>\n<\/section>\n\n\n<section        class=\"m09 page-35082\" >\n    <div class=\"container\">\n        <div class=\"m09__top\">\n                            <h5>Odak noktas\u0131nda insan<\/h5>\n                                        <h3>Hasta hizmetleri<\/h3>\n                    <\/div>\n        <div class=\"m09__main\">\n            <ul class=\"m09__nav_slider\">\n                                    <li>\n                        <span>Hasta bak\u0131m koordinat\u00f6rleri<\/span>\n                    <\/li>\n                                    <li>\n                        <span>\u00c7ocuk bekleme odas\u0131<\/span>\n                    <\/li>\n                                    <li>\n                        <span>MedAustron destek\u00e7isi<\/span>\n                    <\/li>\n                            <\/ul>\n            <div class=\"m09__slider\">\n                                    <div class=\"m09__slide article__content is--active\">\n                        <span class=\"show-mob hidden-tab\">1 \u2014 3<\/span>\n\n                                                    <img decoding=\"async\" src=\"https:\/\/www.medaustron.at\/wp-content\/uploads\/2021\/08\/2021_P010_MedAustron_TKP__762_AUSGEWAeHLT.jpg\"\/>\n                                                <h4>Hasta bak\u0131m koordinat\u00f6rleri<\/h4>\n                                                    <p class=\"m09__slide__excerpt\">Hasta bak\u0131m koordinat\u00f6rleri ta\u015f\u0131madan ve konaklamadan g\u00fcnl\u00fck ihtiya\u00e7lara ve aktivitelere kadar terapinize e\u015flik ederek tedavi ile ilgili her t\u00fcrl\u00fc endi\u015fenizle ilgileniyorlar.<\/p>\n                        \n                                            <\/div>\n                                    <div class=\"m09__slide article__content is--active\">\n                        <span class=\"show-mob hidden-tab\">2 \u2014 3<\/span>\n\n                                                    <img decoding=\"async\" src=\"https:\/\/www.medaustron.at\/wp-content\/uploads\/2021\/08\/IMG_6425_b-1-scaled.jpg\"\/>\n                                                <h4>\u00c7ocuk bekleme odas\u0131<\/h4>\n                                                    <p class=\"m09__slide__excerpt\">\u00c7ocuk bekleme odas\u0131nda en k\u00fc\u00e7\u00fck hastalar i\u00e7in \u00e7e\u015fitli e\u011flence se\u00e7enekleri mevcuttur <\/p>\n                        \n                                            <\/div>\n                                    <div class=\"m09__slide article__content is--active\">\n                        <span class=\"show-mob hidden-tab\">3 \u2014 3<\/span>\n\n                                                    <img decoding=\"async\" src=\"https:\/\/www.medaustron.at\/wp-content\/uploads\/2021\/08\/Supporter_MakeAWish1-1-scaled.jpg\"\/>\n                                                <h4>MedAustron destek\u00e7isi<\/h4>\n                                                    <p class=\"m09__slide__excerpt\">MedAustron destek\u00e7ileri, hastalar\u0131m\u0131za aktiviteler i\u00e7in \u00f6zel ko\u015fullar sunan \u015firketlerdir.<\/p>\n                        \n                                            <\/div>\n                            <\/div>\n        <\/div>\n    <\/div>\n<\/section>\n\n<section class=\"m04 page-2550\">\n    <div class=\"container\">\n        <div class=\"row has_gutter\">\n            <div class=\"column-8 column-mob-12\">\n            \t\t            \t<h5>Bizimle ileti\u015fime ge\u00e7in<\/h5>\n            \t            \t            \t\t<h3>\u0130yon terapisi ile ilgili sorular\u0131n\u0131z m\u0131 var?<\/h3>\n            \t            \t            \t\t<p>Terapi veya ak\u0131\u015f ile ilgili sorular\u0131n\u0131z m\u0131 var? Her ne \u00f6\u011frenmek istiyorsan\u0131z bizimle ileti\u015fim kurmaktan \u00e7ekinmeyin. Size iki i\u015f g\u00fcn\u00fc i\u00e7erisinde d\u00f6n\u00fc\u015f yapaca\u011f\u0131z.<\/p>\n            \t                                    <a href=\"https:\/\/www.medaustron.at\/tr\/therapieanfrage\/\" target=\"_blank\">Terapi ba\u015fvurusu<\/a>\n                                            <\/div>\n            <div class=\"column-4 hidden-mob\">\n                                    <img decoding=\"async\" src=\"https:\/\/www.medaustron.at\/wp-content\/uploads\/2021\/03\/contact.svg\" alt=\"\u0130yon terapisi ile ilgili sorular\u0131n\u0131z m\u0131 var?\">\n                            <\/div>\n        <\/div>\n    <\/div>\n<\/section>\n","protected":false},"excerpt":{"rendered":"","protected":false},"author":12,"featured_media":0,"parent":0,"menu_order":7,"comment_status":"closed","ping_status":"closed","template":"","meta":{"_acf_changed":false,"_uag_custom_page_level_css":"","footnotes":""},"class_list":["post-9829","page","type-page","status-publish","hentry"],"acf":[],"uagb_featured_image_src":{"full":false,"thumbnail":false,"medium":false,"medium_large":false,"large":false,"1536x1536":false,"2048x2048":false,"gform-image-choice-sm":false,"gform-image-choice-md":false,"gform-image-choice-lg":false},"uagb_author_info":{"display_name":"Andreas Teufel","author_link":"https:\/\/www.medaustron.at\/tr\/author\/a-teufel\/"},"uagb_comment_info":0,"uagb_excerpt":null,"_links":{"self":[{"href":"https:\/\/www.medaustron.at\/tr\/wp-json\/wp\/v2\/pages\/9829","targetHints":{"allow":["GET"]}}],"collection":[{"href":"https:\/\/www.medaustron.at\/tr\/wp-json\/wp\/v2\/pages"}],"about":[{"href":"https:\/\/www.medaustron.at\/tr\/wp-json\/wp\/v2\/types\/page"}],"author":[{"embeddable":true,"href":"https:\/\/www.medaustron.at\/tr\/wp-json\/wp\/v2\/users\/12"}],"replies":[{"embeddable":true,"href":"https:\/\/www.medaustron.at\/tr\/wp-json\/wp\/v2\/comments?post=9829"}],"version-history":[{"count":7,"href":"https:\/\/www.medaustron.at\/tr\/wp-json\/wp\/v2\/pages\/9829\/revisions"}],"predecessor-version":[{"id":10246,"href":"https:\/\/www.medaustron.at\/tr\/wp-json\/wp\/v2\/pages\/9829\/revisions\/10246"}],"wp:attachment":[{"href":"https:\/\/www.medaustron.at\/tr\/wp-json\/wp\/v2\/media?parent=9829"}],"curies":[{"name":"wp","href":"https:\/\/api.w.org\/{rel}","templated":true}]}}