{"id":9492,"date":"2024-12-09T18:06:23","date_gmt":"2024-12-09T16:06:23","guid":{"rendered":"https:\/\/www.medaustron.at\/?page_id=9492"},"modified":"2025-02-18T10:39:41","modified_gmt":"2025-02-18T08:39:41","slug":"patientin-werden","status":"publish","type":"page","link":"https:\/\/www.medaustron.at\/tr\/patientin-werden\/","title":{"rendered":"Patient*in werden"},"content":{"rendered":"<section class=\"m06 page-72204\">\n\n    <div class=\"page_banner__thumb\"\n         style=\"background-image: url(https:\/\/www.medaustron.at\/wp-content\/uploads\/2021\/06\/2021_P010_MedAustron_TKP__302.jpg);\"\n        >\n            <\/div>\n\n\n                        <div class=\"container\">\n                <div class=\"page_banner__bottom\">\n                                                                <div class=\"page_banner__content\">\n                                                            <h1>Hastam\u0131z olmak<\/h1>\n                                                                                        <p>Burada terapi y\u00f6ntemi, tedavi edilen hastal\u0131k \u015fekilleri ve MedAustron\u2019da iyon terapisine giden yolunuz hakk\u0131nda her t\u00fcrl\u00fc bilgiyi \u00f6\u011frenebilirsiniz.<\/p>\n                                                                                <\/div>\n                                    <\/div>\n            <\/div>\n            <\/section>\n\n<section class=\"m07 page-13831\"  style=\"background-color: #F5F5F5\" >\n    <div class=\"container\">\n        <div class=\"m07__inner\">\n                        <h5>Y\u00f6ntem hakk\u0131nda<\/h5>\n                                    <h3>\u0130yon terapisinin k\u0131sa a\u00e7\u0131klamas\u0131<\/h3>\n                                    <p class=\"full\">MedAustron\u2019da protonlar\u0131n ve karbon iyonlar\u0131n\u0131n kullan\u0131m\u0131yla \u0131\u015f\u0131n terapisinin yenilik\u00e7i bir \u015fekli uygulan\u0131yor.  Bu, geleneksel \u0131\u015f\u0131n terapilerle kar\u015f\u0131la\u015ft\u0131r\u0131l\u0131nca \u00e7evrede bulunan sa\u011fl\u0131kl\u0131 doku i\u00e7in daha korunakl\u0131d\u0131r.<\/p>\n                                    <p>\u0130yon veya par\u00e7ac\u0131k terapisi sa\u011fl\u0131kl\u0131 dokudaki \u0131\u015f\u0131n maruziyetini geleneksel bir \u0131\u015f\u0131n terapisine g\u00f6re azalt\u0131yor \u2013 Bu durum bu terapiyi, \u0131\u015f\u0131n\u0131ma kar\u015f\u0131 duyarl\u0131 organlar\u0131n yak\u0131n\u0131ndaki t\u00fcm\u00f6rlerin tedavisi i\u00e7in ideal yap\u0131yor. Yan etki veya ge\u00e7 d\u00f6nem etki riski en aza indirilebilir ve b\u00f6ylece kanser hastalar\u0131 i\u00e7in iyile\u015fme \u015fans\u0131 art\u0131r\u0131labilir.  Geleneksel bir \u0131\u015f\u0131n terapisine diren\u00e7li olan karbon iyonlar\u0131 ile \u0131\u015f\u0131ma t\u00fcm\u00f6rler i\u00e7in ger\u00e7ek bir \u015fans sa\u011flarken proton terapisi \u00f6zellikle \u00e7ocuklar ve ergenler i\u00e7in uygundur.<\/p>\n                                    <a class=\"is--button\"\n                href=\"https:\/\/www.medaustron.at\/tr\/ionentherapie\/\" target=\"_blank\">Daha fazla bilgi<\/a>\n                    <\/div>\n    <\/div>\n<\/section>\n\n<section class=\"m08 page-34349\">\n    <div class=\"container\">\n        <div class=\"m08_wrapp\">\n            <div class=\"m08_wrapp__content show-mob show-tab\">\n                <div class=\"m08_wrapp__content-inner\">\n                                        <h5>Hastal\u0131k \u015fekilleri<\/h5>\n                                                            <h3>Endikasyonlar<\/h3>\n                                    <\/div>\n                                <a href=\"https:\/\/www.medaustron.at\/tr\/indikationen\/\" class=\"btn_link_with_arrow\">Endikasyonlara git<\/a>\n                            <\/div>\n                        <div class=\"m08_wrapp__image\">\n                <img decoding=\"async\" src=\"https:\/\/www.medaustron.at\/wp-content\/uploads\/2025\/02\/20240720_MedAustron-809-scaled.jpg\" alt=\"\">\n            <\/div>\n                        <div class=\"m08_wrapp__content\">\n                                <a href=\"https:\/\/www.medaustron.at\/tr\/indikationen\/\" target=\"_blank\"\n                    class=\"btn_link_with_arrow hidden-mob hidden-tab\">Endikasyonlara git<\/a>\n                                <div class=\"m08_wrapp__content-inner\">\n                                        <h5 class=\"hidden-mob hidden-tab\">Hastal\u0131k \u015fekilleri<\/h5>\n                                                            <h3 class=\"hidden-mob hidden-tab\">Endikasyonlar<\/h3>\n                                                            <p>Par\u00e7ac\u0131k terapisinin ana uygulama alan\u0131, \u0131\u015f\u0131maya duyarl\u0131 organlar\u0131n yak\u0131n\u0131ndaki t\u00fcm\u00f6rlerdir. Y\u00fckl\u00fc par\u00e7ac\u0131klarla tedavide pediatrik t\u00fcm\u00f6rler ve lokal n\u00fcksler de \u00f6nemli bir hasat grubu olu\u015fturmaktad\u0131r.<\/p>\n                                    <\/div>\n            <\/div>\n        <\/div>\n    <\/div>\n<\/section>\n\n<section class=\"m10 page-85978\" >\n    <div class=\"container\">\n        <div class=\"m10__top\">\n            <div class=\"m10__top__left\">\n                                <h5>K\u00fc\u00e7\u00fck hastalar\u0131m\u0131z i\u00e7in<\/h5>\n                                                <h3>\u00c7ocuklar\u0131n tedavisi<\/h3>\n                            <\/div>\n                    <\/div>\n        <div class=\"row has_gutter\">\n            <div class=\"benefits-slider\">\n                                <div class=\"column-4\">\n                    <div class=\"m10_box\">\n                        \n                        <a href=\"https:\/\/www.medaustron.at\/tr\/ionentherapie\/\" target=\"_blank\">\n                            <div class=\"m10_box__icon\">\n                                                                <img decoding=\"async\" src=\"https:\/\/www.medaustron.at\/wp-content\/uploads\/2020\/12\/assets-icons-ic_healthcare.svg\" alt=\"\">\n                                                            <\/div>\n                            <div class=\"m10_box__content\">\n                                <h4>\u0130yon terapisinin avantajlar\u0131<\/h4>\n                                                                <p>\u0130yon terapisi, hala b\u00fcy\u00fcyen dokular i\u00e7in koruyucu bir tedavi \u015feklidir ve ge\u00e7 d\u00f6nem sonu\u00e7lar\u0131 riskini belirgin bir \u015fekilde azaltabilir.<\/p>\n                                                            <\/div>\n                        <\/a>\n                    <\/div>\n                <\/div>\n                                <div class=\"column-4\">\n                    <div class=\"m10_box\">\n                        \n                        <a href=\"https:\/\/www.medaustron.at\/tr\/in-behandlung\/\" target=\"_blank\">\n                            <div class=\"m10_box__icon\">\n                                                                <img decoding=\"async\" src=\"https:\/\/www.medaustron.at\/wp-content\/uploads\/2020\/12\/assets-icons-ic_healthcare.svg\" alt=\"\">\n                                                            <\/div>\n                            <div class=\"m10_box__content\">\n                                <h4>Aileler i\u00e7in hizmet<\/h4>\n                                                                <p>Bir kanser terapisi sadece gen\u00e7 hastalar\u0131n kendisini de\u011fil, ayn\u0131 zamanda t\u00fcm aileyi ola\u011fan\u00fcst\u00fc bir duruma sokar. Hasta bak\u0131m koordinat\u00f6rlerimiz g\u00fcnl\u00fck terapileri kolayla\u015ft\u0131r\u0131yor.<\/p>\n                                                            <\/div>\n                        <\/a>\n                    <\/div>\n                <\/div>\n                                <div class=\"column-4\">\n                    <div class=\"m10_box\">\n                        \n                        <a href=\"https:\/\/www.medaustron.at\/tr\/arztinnenteam\/\" target=\"_blank\">\n                            <div class=\"m10_box__icon\">\n                                                                <img decoding=\"async\" src=\"https:\/\/www.medaustron.at\/wp-content\/uploads\/2020\/12\/assets-icons-ic_healthcare.svg\" alt=\"\">\n                                                            <\/div>\n                            <div class=\"m10_box__content\">\n                                <h4>Uzun y\u0131llara dayanan deneyim<\/h4>\n                                                                <p>Gen\u00e7 hastalar ve ebeveynleri, pediatrik hastalar\u0131n tedavisinde \u00f6nc\u00fc olma \u00f6zelli\u011fine sahip ekibimizin uzmanl\u0131\u011f\u0131na g\u00fcvenebilirler.<\/p>\n                                                            <\/div>\n                        <\/a>\n                    <\/div>\n                <\/div>\n                            <\/div>\n        <\/div>\n    <\/div>\n<\/section>\n\n<section class=\"m04 page-36910\">\n    <div class=\"container\">\n        <div class=\"row has_gutter\">\n            <div class=\"column-8 column-mob-12\">\n            \t\t            \t<h5>Bizimle ileti\u015fime ge\u00e7in<\/h5>\n            \t            \t            \t\t<h3>\u0130yon terapisi ile ilgili sorular\u0131n\u0131z m\u0131 var?<\/h3>\n            \t            \t            \t\t<p>Terapi veya ak\u0131\u015f ile ilgili sorular\u0131n\u0131z m\u0131 var? Her ne \u00f6\u011frenmek istiyorsan\u0131z bizimle ileti\u015fim kurmaktan \u00e7ekinmeyin. Size iki i\u015f g\u00fcn\u00fc i\u00e7erisinde d\u00f6n\u00fc\u015f yapaca\u011f\u0131z.<\/p>\n            \t                                    <a href=\"https:\/\/www.medaustron.at\/tr\/therapieanfrage\/\" target=\"_blank\">Terapi ba\u015fvurusu<\/a>\n                                            <\/div>\n            <div class=\"column-4 hidden-mob\">\n                                    <img decoding=\"async\" src=\"https:\/\/www.medaustron.at\/wp-content\/uploads\/2021\/03\/contact.svg\" alt=\"\u0130yon terapisi ile ilgili sorular\u0131n\u0131z m\u0131 var?\">\n                            <\/div>\n        <\/div>\n    <\/div>\n<\/section>\n","protected":false},"excerpt":{"rendered":"","protected":false},"author":12,"featured_media":0,"parent":0,"menu_order":46,"comment_status":"closed","ping_status":"closed","template":"","meta":{"_acf_changed":false,"_uag_custom_page_level_css":"","footnotes":""},"class_list":["post-9492","page","type-page","status-publish","hentry"],"acf":[],"uagb_featured_image_src":{"full":false,"thumbnail":false,"medium":false,"medium_large":false,"large":false,"1536x1536":false,"2048x2048":false,"gform-image-choice-sm":false,"gform-image-choice-md":false,"gform-image-choice-lg":false},"uagb_author_info":{"display_name":"Andreas Teufel","author_link":"https:\/\/www.medaustron.at\/tr\/author\/a-teufel\/"},"uagb_comment_info":0,"uagb_excerpt":null,"_links":{"self":[{"href":"https:\/\/www.medaustron.at\/tr\/wp-json\/wp\/v2\/pages\/9492","targetHints":{"allow":["GET"]}}],"collection":[{"href":"https:\/\/www.medaustron.at\/tr\/wp-json\/wp\/v2\/pages"}],"about":[{"href":"https:\/\/www.medaustron.at\/tr\/wp-json\/wp\/v2\/types\/page"}],"author":[{"embeddable":true,"href":"https:\/\/www.medaustron.at\/tr\/wp-json\/wp\/v2\/users\/12"}],"replies":[{"embeddable":true,"href":"https:\/\/www.medaustron.at\/tr\/wp-json\/wp\/v2\/comments?post=9492"}],"version-history":[{"count":17,"href":"https:\/\/www.medaustron.at\/tr\/wp-json\/wp\/v2\/pages\/9492\/revisions"}],"predecessor-version":[{"id":10233,"href":"https:\/\/www.medaustron.at\/tr\/wp-json\/wp\/v2\/pages\/9492\/revisions\/10233"}],"wp:attachment":[{"href":"https:\/\/www.medaustron.at\/tr\/wp-json\/wp\/v2\/media?parent=9492"}],"curies":[{"name":"wp","href":"https:\/\/api.w.org\/{rel}","templated":true}]}}