{"id":9355,"date":"2024-12-04T17:41:53","date_gmt":"2024-12-04T15:41:53","guid":{"rendered":"https:\/\/www.medaustron.at\/?page_id=9355"},"modified":"2025-03-18T16:57:31","modified_gmt":"2025-03-18T14:57:31","slug":"impressum","status":"publish","type":"page","link":"https:\/\/www.medaustron.at\/tr\/impressum\/","title":{"rendered":"Impressum"},"content":{"rendered":"<section class=\"m06 page-3307\">\n\n    <div class=\"page_banner__thumb align-flex-bottom\"\n         >\n                    <div class=\"container\">\n                                    <h1>Impressum<\/h1>\n                            <\/div>\n            <\/div>\n\n\n    <\/section>\n\n<section class=\"m44 page-70317\">\n    <div class=\"container\">\n        <div class=\"row has_gutter\">\n            <div class=\"column-10 column-mob-12 column-tab-12\">\n                                    <h2>Medya sahibi ve i\u00e7erik sorumlusu<\/h2>\n<p>EBG MedAustron GmbH<br \/>\nMarie Curie-Stra\u00dfe 5<br \/>\n2700 Wiener Neustadt<br \/>\nAvusturya<br \/>\nTelefon: +43 2622 26100<br \/>\noffice@medaustron.at<br \/>\nwww.medaustron.at<\/p>\n<h3>\u015eirket M\u00fcd\u00fcr\u00fc<\/h3>\n<p>Ing. Mag. (FH) Ludwig Gold, Prof. Dr. Eugen B. Hug<\/p>\n<h3>UID numaras\u0131<\/h3>\n<p>ATU63347355<\/p>\n<h3>\u015eirket sicil numaras\u0131<\/h3>\n<p>291863k, \u015eirket sicil mahkemesi Wiener Neustadt<\/p>\n<h3>Denetim makamlar\u0131<\/h3>\n<p>Wiener Neustadt Belediye Meclisi, A\u015fa\u011f\u0131 Avusturya Eyalet H\u00fck\u00fcmeti Ofisi<\/p>\n<h2>Medyan\u0131n temel y\u00f6n\u00fc<\/h2>\n<p>EBG MedAustron GmbH, sunulan tedavi y\u00f6ntemi<br \/>\nve ara\u015ft\u0131rma hakk\u0131nda bilgi.<\/p>\n<h2>Proje ger\u00e7ekle\u015ftirme<\/h2>\n<h3>UX\/UI ve Sanat Y\u00f6netimi<\/h3>\n<p>menonthemoon GmbH<\/p>\n<h3>Resimli kan\u0131t<\/h3>\n<p>MedAustron, Thomas K\u00e4stenbauer, R\u00fcdiger Ettl, Franz Baldauf, Thule Jug<\/p>\n<h2>Yasal bilgiler:<\/h2>\n<h3>Genel H\u00fck\u00fcm ve Ko\u015fullar (AGB)<\/h3>\n<p>Genel h\u00fck\u00fcm ve ko\u015fullar\u0131m\u0131z\u0131 a\u015fa\u011f\u0131daki PDF belgesinde bulabilirsiniz:<\/p>\n<p><a href=\"https:\/\/www.medaustron.at\/wp-content\/uploads\/2025\/03\/20250219-General-terms-and-conditions.pdf\">Genel H\u00fck\u00fcm ve Ko\u015fullar<\/a><\/p>\n<h3>T\u0131bbi Teknoloji i\u00e7in Genel H\u00fck\u00fcm ve Ko\u015fullar (AGB-MT)<\/h3>\n<p>T\u0131bbi Teknoloji i\u00e7in Genel H\u00fck\u00fcm ve Ko\u015fullar\u0131m\u0131z\u0131 a\u015fa\u011f\u0131daki PDF belgesinde bulabilirsiniz:<\/p>\n<p><a href=\"https:\/\/www.medaustron.at\/wp-content\/uploads\/2025\/03\/20250217-CC021_11300_181211AGB4_v1.0_AGB-MT-ENGL.pdf\" target=\"_blank\" rel=\"noopener\">T\u0131bbi Teknoloji i\u00e7in Genel H\u00fck\u00fcm ve Ko\u015fullar<\/a><\/p>\n<p>Sorumluluk reddi<br \/>\nWeb sitemizdeki bilgiler azami dikkatle olu\u015fturulmu\u015ftur. Ancak, EBG MedAustron GmbH&#8217;nin bu bilgilerin eksiksizli\u011fi, do\u011frulu\u011fu ve g\u00fcncelli\u011fi konusunda hi\u00e7bir sorumlulu\u011fu kabul edemeyece\u011fi konusunda anlay\u0131\u015f\u0131n\u0131z\u0131 rica ediyoruz.<\/p>\n<p>Bu web sitesinde harici web sitelerine \u00e7ok say\u0131da do\u011frudan ve dolayl\u0131 linkler (&#8220;k\u00f6pr\u00fcler&#8221;) bulacaks\u0131n\u0131z. EBG MedAustron GmbH&#8217;nin sadece bu web sitelerine eri\u015fim sa\u011flad\u0131\u011f\u0131n\u0131, ancak bunlar\u0131n i\u00e7erikleri ile ilgili hi\u00e7bir sorumluluk kabul etmedi\u011fini l\u00fctfen dikkate al\u0131n. Bundan dolay\u0131 EBG MedAustron GmbH, ba\u011flant\u0131l\u0131 bir sitede herhangi bir telif hakk\u0131, ticari marka hakk\u0131 veya ki\u015fisel hak ihlalinden sorumlu de\u011fildir.<\/p>\n<p>L\u00fctfen t\u00fcm indirmelerden do\u011facak tehlikelerin sizin sorumlulu\u011funuzda ger\u00e7ekle\u015fece\u011fini dikkate al\u0131n. G\u00fcncel vir\u00fcs kontrol\u00fcne ra\u011fmen, bilgisayar vir\u00fcslerinin neden oldu\u011fu hasarlar ve olumsuz etkiler i\u00e7in sorumluluk maalesef yasal d\u00fczenlemeler kapsam\u0131nda hari\u00e7 tutulmu\u015ftur.<\/p>\n<h2>Veri depolama ve gizlilik<\/h2>\n<p>Bizimle ileti\u015fime ge\u00e7ti\u011finizde sadece ba\u015fvurunuzun i\u015flenmesi i\u00e7in gerekli olan bilgiler kaydedilir. Bize ki\u015fisel veriler sunduysan\u0131z ve \u015fimdi bu bilgilerin silinmesini istiyorsan\u0131z, bizimle e-posta (office@medaustron.at) \u00fczerinden veya posta yoluyla ileti\u015fim kurman\u0131z\u0131 rica ediyoruz. Verilerinizin derhal silinmesini sa\u011flayaca\u011f\u0131z.<\/p>\n<h2>Telif hakk\u0131<\/h2>\n<p>Bundan dolay\u0131 bu web sitesinde \u00e7a\u011fr\u0131labilen metinler, resimler, modeller ve prosesler, sayfa d\u00fczenleri ve tasar\u0131m elemanlar\u0131 telif hakk\u0131yla korunmu\u015ftur. \u0130\u015fleme, ticari kullan\u0131m, iletim, bas\u0131l\u0131 veya elektronik yolla ba\u015fka eserlere veya yay\u0131nlara dahil etme ve ayr\u0131ca her t\u00fcrl\u00fc ba\u015fka kullan\u0131m telif hakk\u0131n\u0131 ihlal eder. Bunun i\u00e7in \u00f6ng\u00f6r\u00fclen bas\u0131n bildirimleri ve resimler tabii ki hari\u00e7tir.<\/p>\n<h2>Veri korumas\u0131<\/h2>\n<p>Burada veri koruma beyan\u0131m\u0131z\u0131 inceleyebilirsiniz. Bununla ilgili sorular i\u00e7in l\u00fctfen <a href=\"mailto:datenschutz@medaustron.at\">datenschutz@medaustron.at<\/a> adresinden bizimle ileti\u015fime ge\u00e7in.<\/p>\n<h2>\u0130hbarc\u0131 raporlama kanal\u0131<\/h2>\n<p>MA&#8217;daki yasal ihlallere ili\u015fkin bilgilerin anonim olarak g\u00f6nderilmesi i\u00e7in bir <a href=\"https:\/\/medaustron.integrityline.com\/\" target=\"_blank\" rel=\"noopener nofollow\">raporlama kanal\u0131<\/a> mevcuttur.<\/p>\n<h2>Nihai h\u00fck\u00fcmler<\/h2>\n<p>Kullan\u0131m ko\u015fullar\u0131 Avusturya hukukuna tabidir. Bu internet varl\u0131\u011f\u0131 ile ilgili anla\u015fmazl\u0131klarda yarg\u0131 yeri Wiener Neustadt\u2019t\u0131r. Bu kullan\u0131m ko\u015fullar\u0131n\u0131n h\u00fck\u00fcmlerinden biri etkisiz hale geldiyse veya gelirse, kalan h\u00fck\u00fcmlerin ge\u00e7erlili\u011fi bundan etkilenmeyecektir. Daha do\u011frusu, her ge\u00e7ersiz h\u00fckm\u00fcn yerine, anla\u015fman\u0131n amac\u0131na uygun veya h\u00fckm\u00fcn ge\u00e7ersiz olaca\u011f\u0131ndan haberdar olsalard\u0131 ayn\u0131 ticari sonu\u00e7lara ula\u015fabilmek i\u00e7in taraflar\u0131n kararla\u015ft\u0131rm\u0131\u015f olabilecekleri, en az\u0131ndan buna yak\u0131n yedek bir h\u00fck\u00fcm ge\u00e7erlidir. Ayn\u0131s\u0131, eksiklikler i\u00e7in de ge\u00e7erlidir.<\/p>\n\n                            <\/div>\n        <\/div>\n    <\/div>\n<\/section>\n","protected":false},"excerpt":{"rendered":"","protected":false},"author":12,"featured_media":0,"parent":0,"menu_order":6,"comment_status":"closed","ping_status":"closed","template":"","meta":{"_acf_changed":false,"_uag_custom_page_level_css":"","footnotes":""},"class_list":["post-9355","page","type-page","status-publish","hentry"],"acf":[],"uagb_featured_image_src":{"full":false,"thumbnail":false,"medium":false,"medium_large":false,"large":false,"1536x1536":false,"2048x2048":false,"gform-image-choice-sm":false,"gform-image-choice-md":false,"gform-image-choice-lg":false},"uagb_author_info":{"display_name":"Andreas Teufel","author_link":"https:\/\/www.medaustron.at\/tr\/author\/a-teufel\/"},"uagb_comment_info":0,"uagb_excerpt":null,"_links":{"self":[{"href":"https:\/\/www.medaustron.at\/tr\/wp-json\/wp\/v2\/pages\/9355","targetHints":{"allow":["GET"]}}],"collection":[{"href":"https:\/\/www.medaustron.at\/tr\/wp-json\/wp\/v2\/pages"}],"about":[{"href":"https:\/\/www.medaustron.at\/tr\/wp-json\/wp\/v2\/types\/page"}],"author":[{"embeddable":true,"href":"https:\/\/www.medaustron.at\/tr\/wp-json\/wp\/v2\/users\/12"}],"replies":[{"embeddable":true,"href":"https:\/\/www.medaustron.at\/tr\/wp-json\/wp\/v2\/comments?post=9355"}],"version-history":[{"count":7,"href":"https:\/\/www.medaustron.at\/tr\/wp-json\/wp\/v2\/pages\/9355\/revisions"}],"predecessor-version":[{"id":10436,"href":"https:\/\/www.medaustron.at\/tr\/wp-json\/wp\/v2\/pages\/9355\/revisions\/10436"}],"wp:attachment":[{"href":"https:\/\/www.medaustron.at\/tr\/wp-json\/wp\/v2\/media?parent=9355"}],"curies":[{"name":"wp","href":"https:\/\/api.w.org\/{rel}","templated":true}]}}