{"id":9271,"date":"2024-12-02T17:47:12","date_gmt":"2024-12-02T15:47:12","guid":{"rendered":"https:\/\/www.medaustron.at\/?page_id=9271"},"modified":"2025-02-18T10:59:32","modified_gmt":"2025-02-18T08:59:32","slug":"in-behandlung","status":"publish","type":"page","link":"https:\/\/www.medaustron.at\/ro\/in-behandlung\/","title":{"rendered":"In Behandlung"},"content":{"rendered":"<section class=\"m06 page-96281\">\n\n    <div class=\"page_banner__thumb\"\n         style=\"background-image: url(https:\/\/www.medaustron.at\/wp-content\/uploads\/2021\/06\/2021_P010_MedAustron_TKP__850-e1623065388160.jpg);\"\n        >\n            <\/div>\n\n\n                        <div class=\"container\">\n                <div class=\"page_banner__bottom\">\n                                            <div class=\"page_banner__box\">\n                                                            <h5>Prin cuvintele unei angajate<\/h5>\n                                                                                        <h3>&#8222;Pentru mine, \u00een calitate de tehnolog radiolog, este deosebit de pl\u0103cut s\u0103 pot \u00eendep\u0103rta temerile pacien\u021bilor \u0219i s\u0103 le dau \u00eencredere de la o zi la alta.&#8221;<\/h3>\n                                                                                        <h4>Stefanie Carlino, MSc &#8211; tehnolog \u00een radiologie<\/h4>\n                                                    <\/div>\n                                                                <div class=\"page_banner__content\">\n                                                            <h1>\u00cen tratament<\/h1>\n                                                                                        <p>Detalii despre <a href=\"https:\/\/www.medaustron.at\/therapieverlauf\/\">cursul terapiei<\/a>, \u0219i <a href=\"https:\/\/www.medaustron.at\/patientinnenservice\/\">serviciul pentru pacien\u021bi<\/a> pot fi g\u0103site pe paginile respective.<\/p>\n                                                                                <\/div>\n                                    <\/div>\n            <\/div>\n            <\/section>\n\n<section class=\"m16 page-71268\"  style=\"background-color: #F5F5F5\" >\n    <div class=\"container\">\n        <div class=\"row has_gutter\">\n            <div class=\"column-6  column-mob-12 column-tab-12 m16-left\">\n                                <h1>Cursul tratamentului<\/h1>\n                                                <p class=\"m16-subtitle\">Abordarea noastr\u0103 de planificare a tratamentului este la fel de individual\u0103 ca \u0219i istoricul medical al pacien\u021bilor no\u0219tri.<\/p>\n                \n                                <p class=\"m16-text\">Nu exist\u0103 cursuri de tratament identice. Cu toate acestea, exist\u0103 anumi\u021bi parametri care caracterizeaz\u0103 fiecare tratament pentru a asigura cea mai mare precizie \u0219i siguran\u021b\u0103 posibil\u0103 pentru pacien\u021bii no\u0219tri.<\/p>\n                \n                <div class=\"m16-left-buttons\">\n                                                            <a href=\"https:\/\/www.medaustron.at\/wp-content\/uploads\/2025\/01\/Timeline-Therapie-fuer-Patienten-v4-ro.pdf\" class=\"m16-button m16-button--outlined\"\n                        target=\"_blank\">Descarc\u0103 PDF    <\/a>\n                                    <\/div>\n            <\/div>\n            <div class=\"column-6 column-mob-12 column-tab-12  m16-right\">\n                <div class=\"m16-steps\">\n                                        <div class=\"m16-steps__step\">\n                        <div class=\"m16-steps__step-line\"><span>1<\/span><\/div>\n                        <h6 class=\"m16-steps-title\">Discu\u021bie de informare<\/h6>\n                        <p class=\"m16-steps-text\">La \u00eenceputul tratamentului dumneavoastr\u0103, ve\u021bi fi invitat la o discu\u021bie de informare. Medicul dvs. va discuta cu dvs. despre boala dvs. tumoral\u0103, despre efectele \u0219i posibilele efecte secundare ale terapiei cu ioni \u0219i despre cursul tratamentului \u0219i va aloca timp s\u0103 v\u0103 r\u0103spund\u0103 la \u00eentreb\u0103ri.<\/p>\n                    <\/div>\n                                        <div class=\"m16-steps__step\">\n                        <div class=\"m16-steps__step-line\"><span>2<\/span><\/div>\n                        <h6 class=\"m16-steps-title\">Preg\u0103tiri<\/h6>\n                        <p class=\"m16-steps-text\">Odat\u0103 ce toate detaliile au fost clarificate \u0219i v-a\u021bi dat acordul pentru tratament, sunt necesare mai \u00eent\u00e2i c\u00e2teva preg\u0103tiri. Se vor confec\u021biona ajutoare de pozi\u021bionare personalizate pentru dumneavoastr\u0103, de exemplu m\u0103\u0219ti termoplastice sau saltele de pozi\u021bionare. Acest lucru este necesar pentru ca dumneavoastr\u0103 s\u0103 pute\u021bi fi iradiat cu mare precizie, iar \u021besuturile s\u0103n\u0103toase s\u0103 fie protejate \u00een mod optim. Aceste mijloace ajut\u0103toare asigur\u0103 faptul c\u0103 v\u0103 afla\u021bi exact \u00een aceea\u0219i pozi\u021bie pentru fiecare tratament.<\/p>\n                    <\/div>\n                                        <div class=\"m16-steps__step\">\n                        <div class=\"m16-steps__step-line\"><span>3<\/span><\/div>\n                        <h6 class=\"m16-steps-title\">Examinare CT (Tomografie computerizat\u0103)<\/h6>\n                        <p class=\"m16-steps-text\">\u00cen continuare, efectu\u0103m o scanare CT. Aceste imagini CT sunt folosite pentru a crea un plan de radioterapie personalizat pentru dumneavoastr\u0103. \u00cenainte de tratamentul propriu-zis, calcul\u0103m exact cum poate fi iradiat\u0103 cel mai bine tumora \u0219i, \u00een acela\u0219i timp, protej\u0103m \u00een mod optim \u021besutul s\u0103n\u0103tos din jur.<\/p>\n                    <\/div>\n                                        <div class=\"m16-steps__step\">\n                        <div class=\"m16-steps__step-line\"><span>4<\/span><\/div>\n                        <h6 class=\"m16-steps-title\">\u0218edin\u021be de tratament<\/h6>\n                        <p class=\"m16-steps-text\">Pentru tratamentul propriu-zis, ve\u021bi veni zilnic la MedAustron pentru o \u0219edin\u021b\u0103 de radioterapie. C\u00e2te sesiuni sunt necesare depinde de boala dvs. tumoral\u0103 individual\u0103. Sunte\u021bi iradiat cu doze individuale mici pe frac\u021biune p\u00e2n\u0103 c\u00e2nd se atinge doza total\u0103 calculat\u0103, care poate distruge tumora.<\/p>\n                    <\/div>\n                                        <div class=\"m16-steps__step\">\n                        <div class=\"m16-steps__step-line\"><span>5<\/span><\/div>\n                        <h6 class=\"m16-steps-title\">Radioterapie nedureroas\u0103<\/h6>\n                        <p class=\"m16-steps-text\">Iradierea propriu-zis\u0103 este complet nedureroas\u0103. Fasciculul de ioni scaneaz\u0103 tumora strat cu strat \u0219i aplic\u0103 doza calculat\u0103 \u00een prealabil \u00een fiecare punct al tumorii.<\/p>\n                    <\/div>\n                                    <\/div>\n            <\/div>\n        <\/div>\n    <\/div>\n<\/section>\n\n<section class=\"m12 page-17276\">\n    <div class=\"container\">\n        <div class=\"main_title\">\n            <div class=\"main_title__left\">\n                                <span>Despre centrul de terapie<\/span>\n                                                <h3>Centrul de terapie MedAustron<\/h3>\n                            <\/div>\n            <div class=\"main_title__right\">\n                            <\/div>\n        <\/div>\n        <div class=\"m12__inner\">\n            <div class=\"m12__left\">\n                                <p class=\"excerpt\">Dotarea cu echipamente de \u00eenalt\u0103 tehnologie \u0219i o atmosfer\u0103 pl\u0103cut\u0103 nu trebuie s\u0103 fie o contradic\u021bie: \u00een cl\u0103direa noastr\u0103, zonele de a\u0219teptare inundate de lumin\u0103 \u0219i lemnul cald, chiar \u0219i \u00een s\u0103lile de tratament, creeaz\u0103 o atmosfer\u0103 confortabil\u0103.<\/p>\n                                                <p>Adaptam culorile \u0219i muzica din s\u0103lile de tratament la dorin\u021bele individuale ale pacien\u021bilor no\u0219tri. Siguran\u021ba este realizat\u0103 de canapeaua controlat\u0103 de robot din sala de tratament, pe care v\u0103 afla\u021bi \u00eentotdeauna \u00een pozi\u021bia corect\u0103 cu o precizie milimetric\u0103 \u00een timpul radioterapiei. Mai presus de toate, \u00eens\u0103, este \u00eengrijirea individualizat\u0103 oferit\u0103 de \u00eentreaga noastr\u0103 echip\u0103, care este \u00eentotdeauna deschis\u0103 s\u0103 asculte \u00eentreb\u0103rile \u0219i preocup\u0103rile pacien\u021bilor no\u0219tri.<\/p>\n                            <\/div>\n                        <div class=\"m12__right m12-slider\">\n                \t\t\t\t\t\t\t\t\t\t\t<figure>\n\t\t\t\t\t\t\t<img decoding=\"async\" src=\"https:\/\/www.medaustron.at\/wp-content\/uploads\/2021\/06\/150506_TKP7674.jpg\" alt=\"\">\n\t\t\t\t\t\t\t<div class=\"m12__right__bottom\">\n\t\t\t\t\t\t\t\t<span>1 &#8211; 5<\/span>\n\t\t\t\t\t\t\t\t\t\t\t\t\t\t\t<\/div>\n\t\t\t\t\t\t<\/figure>\n\t\t\t\t\t                \t\t\t\t\t\t\t\t\t\t\t<figure>\n\t\t\t\t\t\t\t<img decoding=\"async\" src=\"https:\/\/www.medaustron.at\/wp-content\/uploads\/2021\/06\/KAEST-20140212-059.jpg\" alt=\"\">\n\t\t\t\t\t\t\t<div class=\"m12__right__bottom\">\n\t\t\t\t\t\t\t\t<span>2 &#8211; 5<\/span>\n\t\t\t\t\t\t\t\t\t\t\t\t\t\t\t<\/div>\n\t\t\t\t\t\t<\/figure>\n\t\t\t\t\t                \t\t\t\t\t\t\t\t\t\t\t<figure>\n\t\t\t\t\t\t\t<img decoding=\"async\" src=\"https:\/\/www.medaustron.at\/wp-content\/uploads\/2021\/06\/150409_TKP6603.jpg\" alt=\"\">\n\t\t\t\t\t\t\t<div class=\"m12__right__bottom\">\n\t\t\t\t\t\t\t\t<span>3 &#8211; 5<\/span>\n\t\t\t\t\t\t\t\t\t\t\t\t\t\t\t<\/div>\n\t\t\t\t\t\t<\/figure>\n\t\t\t\t\t                \t\t\t\t\t\t\t\t\t\t\t<figure>\n\t\t\t\t\t\t\t<img decoding=\"async\" src=\"https:\/\/www.medaustron.at\/wp-content\/uploads\/2021\/08\/95-TK-20121002-049-Master.jpg\" alt=\"\">\n\t\t\t\t\t\t\t<div class=\"m12__right__bottom\">\n\t\t\t\t\t\t\t\t<span>4 &#8211; 5<\/span>\n\t\t\t\t\t\t\t\t\t\t\t\t\t\t\t<\/div>\n\t\t\t\t\t\t<\/figure>\n\t\t\t\t\t                \t\t\t\t\t\t\t\t\t\t\t<figure>\n\t\t\t\t\t\t\t<img decoding=\"async\" src=\"https:\/\/www.medaustron.at\/wp-content\/uploads\/2021\/08\/ER_2499c.jpg\" alt=\"\">\n\t\t\t\t\t\t\t<div class=\"m12__right__bottom\">\n\t\t\t\t\t\t\t\t<span>5 &#8211; 5<\/span>\n\t\t\t\t\t\t\t\t\t\t\t\t\t\t\t<\/div>\n\t\t\t\t\t\t<\/figure>\n\t\t\t\t\t                            <\/div>\n                    <\/div>\n    <\/div>\n<\/section>\n\n\n<section class=\"m13 page-66946\">\n\t<div class=\"container\">\n\t\t<div class=\"row has_gutter\">\n\t\t\t<div class=\"column-12\">\n\t\t\t\t<div class=\"m13-head main_title align-start\">\n\t\t\t\t\t<div class=\"main_title__left\">\n\t\t\t\t\t\t\t\t\t\t\t\t\t<span>Mai multe informa\u021bii despre echipa noastr\u0103 medical\u0103<\/span>\n\t\t\t\t\t\t\t\n\t\t\t\t\t\t\t\t\t\t\t\t\t<h3>Echipa de medici<\/h3>\n\t\t\t\t\t\t\t\n\t\t\t\t\t<\/div>\n\n\t\t\t\t\t\t\t\t\t\t\t<div class=\"main_title__right\">\n\t\t\t\t\t\t\t<a href=\"https:\/\/www.medaustron.at\/ro\/arztinnenteam\/\" class=\"btn_link_with_arrow\" target=\"_blank\">To\u021bi medicii<\/a>\n\t\t\t\t\t\t<\/div>\n\t\t\t\t\t\t\t\t\t<\/div>\n\t\t\t<\/div>\n\t\t<\/div>\n\t<\/div>\n\t<div class=\"m13-body\">\n\t\t<div class=\"m13-body-slider m13-slider\">\n\t\t\t\t\t\t\t<div class=\"m13-body-slider_box\">\n\t\t\t\t\t<a href=\"https:\/\/www.medaustron.at\/ro\/team\/prof-dr-eugen-b-hug\/\">\n\t\t\t\t\t\t<div class=\"m13-body-slider_box__img\">\n\t\t\t\t\t\t\t<img decoding=\"async\" src=\"https:\/\/www.medaustron.at\/wp-content\/uploads\/2025\/01\/EHU_02-scaled-e1744702560374.jpeg\" alt=\"\">\n\t\t\t\t\t\t<\/div>\n\t\t\t\t\t\t<h4>Prof. Dr. Eugen B. Hug<\/h4>\n\t\t\t\t\t\t<p>Director medical<\/p>\n\t\t\t\t\t<\/a>\n\t\t\t\t<\/div>\n\t\t\t\t\t\t\t<div class=\"m13-body-slider_box\">\n\t\t\t\t\t<a href=\"https:\/\/www.medaustron.at\/ro\/team\/univ-prof-dr-piero-fossati\/\">\n\t\t\t\t\t\t<div class=\"m13-body-slider_box__img\">\n\t\t\t\t\t\t\t<img decoding=\"async\" src=\"https:\/\/www.medaustron.at\/wp-content\/uploads\/2021\/02\/2021_P010_MedAustron_TKP__050_AUSGEWAeHLT-e1632927865666.jpg\" alt=\"\">\n\t\t\t\t\t\t<\/div>\n\t\t\t\t\t\t<h4>Univ.-Prof. Dr. Piero Fossati<\/h4>\n\t\t\t\t\t\t<p>Specialist \u00een radio-oncologie, director \u0219tiin\u021bific, director al programului Carbon<\/p>\n\t\t\t\t\t<\/a>\n\t\t\t\t<\/div>\n\t\t\t\t\t\t\t<div class=\"m13-body-slider_box\">\n\t\t\t\t\t<a href=\"https:\/\/www.medaustron.at\/ro\/team\/ing-dr-birgit-flechl-phd\/\">\n\t\t\t\t\t\t<div class=\"m13-body-slider_box__img\">\n\t\t\t\t\t\t\t<img decoding=\"async\" src=\"https:\/\/www.medaustron.at\/wp-content\/uploads\/2022\/11\/BFL_2022-scaled.jpg\" alt=\"\">\n\t\t\t\t\t\t<\/div>\n\t\t\t\t\t\t<h4>Ing. Dr. Birgit Flechl, PhD<\/h4>\n\t\t\t\t\t\t<p>Specialist \u00een radio-oncologie<\/p>\n\t\t\t\t\t<\/a>\n\t\t\t\t<\/div>\n\t\t\t\t\t\t\t<div class=\"m13-body-slider_box\">\n\t\t\t\t\t<a href=\"https:\/\/www.medaustron.at\/ro\/team\/dr-yvonne-goy\/\">\n\t\t\t\t\t\t<div class=\"m13-body-slider_box__img\">\n\t\t\t\t\t\t\t<img decoding=\"async\" src=\"https:\/\/www.medaustron.at\/wp-content\/uploads\/2025\/05\/Goy_Portrait-scaled.jpeg\" alt=\"\">\n\t\t\t\t\t\t<\/div>\n\t\t\t\t\t\t<h4>Dr. Yvonne Goy<\/h4>\n\t\t\t\t\t\t<p>Specialist \u00een radio-oncologie<\/p>\n\t\t\t\t\t<\/a>\n\t\t\t\t<\/div>\n\t\t\t\t\t\t\t<div class=\"m13-body-slider_box\">\n\t\t\t\t\t<a href=\"https:\/\/www.medaustron.at\/ro\/team\/dr-carola-lutgendorf-caucig-mph-mba-2\/\">\n\t\t\t\t\t\t<div class=\"m13-body-slider_box__img\">\n\t\t\t\t\t\t\t<img decoding=\"async\" src=\"https:\/\/www.medaustron.at\/wp-content\/uploads\/2021\/06\/2021_P010_MedAustron_TKP_1110-2.jpg\" alt=\"\">\n\t\t\t\t\t\t<\/div>\n\t\t\t\t\t\t<h4>Dr. Carola L\u00fctgendorf-Caucig, MPH, MBA<\/h4>\n\t\t\t\t\t\t<p>Specialist \u00een radio-oncologie<\/p>\n\t\t\t\t\t<\/a>\n\t\t\t\t<\/div>\n\t\t\t\t\t\t\t<div class=\"m13-body-slider_box\">\n\t\t\t\t\t<a href=\"https:\/\/www.medaustron.at\/ro\/team\/univ-doz-dr-ulrike-mock\/\">\n\t\t\t\t\t\t<div class=\"m13-body-slider_box__img\">\n\t\t\t\t\t\t\t<img decoding=\"async\" src=\"https:\/\/www.medaustron.at\/wp-content\/uploads\/2021\/06\/2021_P010_MedAustron_TKP__105-e1623064589507.jpg\" alt=\"\">\n\t\t\t\t\t\t<\/div>\n\t\t\t\t\t\t<h4>Univ.-Doz. Dr. Ulrike Mock<\/h4>\n\t\t\t\t\t\t<p>Specialist \u00een radiooncologie<\/p>\n\t\t\t\t\t<\/a>\n\t\t\t\t<\/div>\n\t\t\t\t\t\t\t<div class=\"m13-body-slider_box\">\n\t\t\t\t\t<a href=\"https:\/\/www.medaustron.at\/ro\/team\/pd-dr-matthias-moll-mba\/\">\n\t\t\t\t\t\t<div class=\"m13-body-slider_box__img\">\n\t\t\t\t\t\t\t<img decoding=\"async\" src=\"https:\/\/www.medaustron.at\/wp-content\/uploads\/2024\/10\/Moll_Portrait-scaled.jpeg\" alt=\"\">\n\t\t\t\t\t\t<\/div>\n\t\t\t\t\t\t<h4>PD Dr. Matthias Moll, MBA<\/h4>\n\t\t\t\t\t\t<p>Specialist \u00een radio-oncologie, \u0218ef de grup Urogenital\/Prostat\u0103<\/p>\n\t\t\t\t\t<\/a>\n\t\t\t\t<\/div>\n\t\t\t\t\t\t\t<div class=\"m13-body-slider_box\">\n\t\t\t\t\t<a href=\"https:\/\/www.medaustron.at\/ro\/team\/dr-petra-mozes\/\">\n\t\t\t\t\t\t<div class=\"m13-body-slider_box__img\">\n\t\t\t\t\t\t\t<img decoding=\"async\" src=\"https:\/\/www.medaustron.at\/wp-content\/uploads\/2021\/06\/Mozes_Portrait-scaled.jpeg\" alt=\"\">\n\t\t\t\t\t\t<\/div>\n\t\t\t\t\t\t<h4>Dr. Petra Mozes<\/h4>\n\t\t\t\t\t\t<p>Specialist \u00een radio-oncologie<\/p>\n\t\t\t\t\t<\/a>\n\t\t\t\t<\/div>\n\t\t\t\t\t\t\t<div class=\"m13-body-slider_box\">\n\t\t\t\t\t<a href=\"https:\/\/www.medaustron.at\/ro\/team\/dr-claudia-steffal-hcm-emba\/\">\n\t\t\t\t\t\t<div class=\"m13-body-slider_box__img\">\n\t\t\t\t\t\t\t<img decoding=\"async\" src=\"https:\/\/www.medaustron.at\/wp-content\/uploads\/2025\/06\/Steffal_Portrait_cropped-scaled.jpg\" alt=\"\">\n\t\t\t\t\t\t<\/div>\n\t\t\t\t\t\t<h4>Dr. Claudia Steffal HCM, EMBA<\/h4>\n\t\t\t\t\t\t<p>Fach\u00e4rztin f\u00fcr Radioonkologie<\/p>\n\t\t\t\t\t<\/a>\n\t\t\t\t<\/div>\n\t\t\t\t\t<\/div>\n\t<\/div>\n<\/section>\n\n\n<section        class=\"m09 page-11730\" >\n    <div class=\"container\">\n        <div class=\"m09__top\">\n                            <h5>Accentul este pus pe oameni<\/h5>\n                                        <h3>Serviciu pacien\u021bi<\/h3>\n                    <\/div>\n        <div class=\"m09__main\">\n            <ul class=\"m09__nav_slider\">\n                                    <li>\n                        <span>Coordonatori de \u00eengrijire a pacien\u021bilor<\/span>\n                    <\/li>\n                                    <li>\n                        <span>Sala de a\u0219teptare pentru copii<\/span>\n                    <\/li>\n                                    <li>\n                        <span>Suporteri MedAustron<\/span>\n                    <\/li>\n                            <\/ul>\n            <div class=\"m09__slider\">\n                                    <div class=\"m09__slide article__content is--active\">\n                        <span class=\"show-mob hidden-tab\">1 \u2014 3<\/span>\n\n                                                    <img decoding=\"async\" src=\"https:\/\/www.medaustron.at\/wp-content\/uploads\/2021\/08\/2021_P010_MedAustron_TKP__762_AUSGEWAeHLT.jpg\"\/>\n                                                <h4>Coordonatori de \u00eengrijire a pacien\u021bilor<\/h4>\n                                                    <p class=\"m09__slide__excerpt\">Coordonatorii de \u00eengrijire a pacien\u021bilor se ocup\u0103 de problemele legate de tratament, de la transport \u0219i cazare p\u00e2n\u0103 la nevoile zilnice \u0219i activit\u0103\u021bile care \u00eenso\u021besc terapia.<\/p>\n                        \n                                            <\/div>\n                                    <div class=\"m09__slide article__content is--active\">\n                        <span class=\"show-mob hidden-tab\">2 \u2014 3<\/span>\n\n                                                    <img decoding=\"async\" src=\"https:\/\/www.medaustron.at\/wp-content\/uploads\/2021\/08\/IMG_6425_b-1-scaled.jpg\"\/>\n                                                <h4>Sala de a\u0219teptare pentru copii<\/h4>\n                                                    <p class=\"m09__slide__excerpt\">\u00cen sala de a\u0219teptare pentru copii exist\u0103 diverse op\u021biuni de divertisment pentru cei mai tineri pacien\u021bi.<\/p>\n                        \n                                            <\/div>\n                                    <div class=\"m09__slide article__content is--active\">\n                        <span class=\"show-mob hidden-tab\">3 \u2014 3<\/span>\n\n                                                    <img decoding=\"async\" src=\"https:\/\/www.medaustron.at\/wp-content\/uploads\/2021\/08\/Supporter_MakeAWish1-1-scaled.jpg\"\/>\n                                                <h4>Suporteri MedAustron<\/h4>\n                                                    <p class=\"m09__slide__excerpt\">Suporterii MedAustron sunt companii care ofer\u0103 pacien\u021bilor no\u0219tri condi\u021bii speciale pentru activit\u0103\u021bi.<\/p>\n                        \n                                            <\/div>\n                            <\/div>\n        <\/div>\n    <\/div>\n<\/section>\n\n<section class=\"m04 page-37973\">\n    <div class=\"container\">\n        <div class=\"row has_gutter\">\n            <div class=\"column-8 column-mob-12\">\n            \t\t            \t<h5>Contacta\u0163i-ne<\/h5>\n            \t            \t            \t\t<h3>Ave\u021bi \u00eentreb\u0103ri despre terapia cu ioni?<\/h3>\n            \t            \t            \t\t<p>Ave\u021bi \u00eentreb\u0103ri legate de terapie sau de procedur\u0103? Orice dori\u021bi s\u0103 \u0219ti\u021bi, nu ezita\u021bi s\u0103 ne contacta\u021bi. V\u0103 vom r\u0103spunde \u00een termen de dou\u0103 zile lucr\u0103toare.<\/p>\n            \t                                    <a href=\"https:\/\/www.medaustron.at\/ro\/therapieanfrage\" target=\"_blank\">Solicitare terapie<\/a>\n                                            <\/div>\n            <div class=\"column-4 hidden-mob\">\n                                    <img decoding=\"async\" src=\"https:\/\/www.medaustron.at\/wp-content\/uploads\/2021\/03\/contact.svg\" alt=\"Ave\u021bi \u00eentreb\u0103ri despre terapia cu ioni?\">\n                            <\/div>\n        <\/div>\n    <\/div>\n<\/section>\n","protected":false},"excerpt":{"rendered":"","protected":false},"author":12,"featured_media":0,"parent":0,"menu_order":7,"comment_status":"closed","ping_status":"closed","template":"","meta":{"_acf_changed":false,"_uag_custom_page_level_css":"","footnotes":""},"class_list":["post-9271","page","type-page","status-publish","hentry"],"acf":[],"uagb_featured_image_src":{"full":false,"thumbnail":false,"medium":false,"medium_large":false,"large":false,"1536x1536":false,"2048x2048":false,"gform-image-choice-sm":false,"gform-image-choice-md":false,"gform-image-choice-lg":false},"uagb_author_info":{"display_name":"Andreas Teufel","author_link":"https:\/\/www.medaustron.at\/ro\/author\/a-teufel\/"},"uagb_comment_info":0,"uagb_excerpt":null,"_links":{"self":[{"href":"https:\/\/www.medaustron.at\/ro\/wp-json\/wp\/v2\/pages\/9271","targetHints":{"allow":["GET"]}}],"collection":[{"href":"https:\/\/www.medaustron.at\/ro\/wp-json\/wp\/v2\/pages"}],"about":[{"href":"https:\/\/www.medaustron.at\/ro\/wp-json\/wp\/v2\/types\/page"}],"author":[{"embeddable":true,"href":"https:\/\/www.medaustron.at\/ro\/wp-json\/wp\/v2\/users\/12"}],"replies":[{"embeddable":true,"href":"https:\/\/www.medaustron.at\/ro\/wp-json\/wp\/v2\/comments?post=9271"}],"version-history":[{"count":21,"href":"https:\/\/www.medaustron.at\/ro\/wp-json\/wp\/v2\/pages\/9271\/revisions"}],"predecessor-version":[{"id":10247,"href":"https:\/\/www.medaustron.at\/ro\/wp-json\/wp\/v2\/pages\/9271\/revisions\/10247"}],"wp:attachment":[{"href":"https:\/\/www.medaustron.at\/ro\/wp-json\/wp\/v2\/media?parent=9271"}],"curies":[{"name":"wp","href":"https:\/\/api.w.org\/{rel}","templated":true}]}}