{"id":9124,"date":"2024-11-27T10:54:00","date_gmt":"2024-11-27T08:54:00","guid":{"rendered":"https:\/\/www.medaustron.at\/?page_id=9124"},"modified":"2025-04-15T09:33:57","modified_gmt":"2025-04-15T07:33:57","slug":"uber-uns","status":"publish","type":"page","link":"https:\/\/www.medaustron.at\/ro\/uber-uns\/","title":{"rendered":"\u00dcber uns"},"content":{"rendered":"<section class=\"m06 page-35263\">\n\n    <div class=\"page_banner__thumb\"\n         style=\"background-image: url(https:\/\/www.medaustron.at\/wp-content\/uploads\/2021\/08\/TK-20120926-015-Master-scaled-e1628168261770.jpg);\"\n        >\n            <\/div>\n\n\n                        <div class=\"container\">\n                <div class=\"page_banner__bottom\">\n                                                                <div class=\"page_banner__content\">\n                                                            <h1>Despre noi<\/h1>\n                                                                                        <p>Scopul nostru este de a lupta \u00eempotriva cancerului: prin tratamentul avansat al pacien\u021bilor, studii clinice, cercetare aplicat\u0103 \u0219i fundamental\u0103, precum \u0219i transfer de know-how (cuno\u0219tin\u021be \u0219i experien\u021b\u0103).<\/p>\n<p>Ne str\u0103duim \u00een mod constant s\u0103 \u00eembun\u0103t\u0103\u021bim metoda terapeutic\u0103 a terapiei cu ioni, s\u0103 sporim cuno\u0219tin\u021bele despre modul s\u0103u de ac\u021biune \u0219i s\u0103 facem acest tratament accesibil unui num\u0103r mai mare de persoane.<\/p>\n<p>O echip\u0103 de peste 250 de persoane lucreaz\u0103 la acest obiectiv.<\/p>\n\n\n\n\n                                                                                <\/div>\n                                    <\/div>\n            <\/div>\n            <\/section>\n\n<section class=\"m26 page-10538\">\n    <div class=\"container\">\n        <div class=\"row has_gutter\">\n\t\t\t\t\t\t\t<div class=\"column-6 column-tab-6 column-mob-12\">\n\t\t\t\t\t<div class=\"m26_team\">\n\t\t\t\t\t\t<div class=\"m26_team__image\">\n\t\t\t\t\t\t\t<img decoding=\"async\" src=\"https:\/\/www.medaustron.at\/wp-content\/uploads\/2025\/04\/EHU_01-scaled.jpeg\" alt=\"Prof. Dr. Eugen B. Hug\">\n\t\t\t\t\t\t<\/div>\n\t\t\t\t\t\t<div class=\"m26_team__content\">\n\t\t\t\t\t\t\t<h3>Prof. Dr. Eugen B. Hug<\/h3>\n\t\t\t\t\t\t\t<p>Director medical, Director general<\/p>\n\t\t\t\t\t\t\t\t\t\t\t\t\t\t<ul>\n\t\t\t\t\t\t\t\t\t\t\t\t\t\t\t\t\t\t\t\t\t\t\t<\/ul>\n\t\t\t\t\t\t\t\t\t\t\t\t\t<\/div>\n\t\t\t\t\t<\/div>\n\t\t\t\t<\/div>\n\t\t\t\t\t\t\t<div class=\"column-6 column-tab-6 column-mob-12\">\n\t\t\t\t\t<div class=\"m26_team\">\n\t\t\t\t\t\t<div class=\"m26_team__image\">\n\t\t\t\t\t\t\t<img decoding=\"async\" src=\"https:\/\/www.medaustron.at\/wp-content\/uploads\/2025\/04\/AZA_02-scaled.jpeg\" alt=\"DI Alfred Zens, MBA\">\n\t\t\t\t\t\t<\/div>\n\t\t\t\t\t\t<div class=\"m26_team__content\">\n\t\t\t\t\t\t\t<h3>DI Alfred Zens, MBA<\/h3>\n\t\t\t\t\t\t\t<p>Director general<\/p>\n\t\t\t\t\t\t\t\t\t\t\t\t\t\t<ul>\n\t\t\t\t\t\t\t\t\t\t\t\t\t\t\t\t\t\t\t\t\t\t\t<\/ul>\n\t\t\t\t\t\t\t\t\t\t\t\t\t<\/div>\n\t\t\t\t\t<\/div>\n\t\t\t\t<\/div>\n\t\t\t        <\/div>\n    <\/div>\n<\/section>\n\n\n<section class=\"m49 page-71946\">\n    <div class=\"container\">\n        <div class=\"row has_gutter\">\n            <div class=\"column-4 column-mob-12 column-tab-12\">\n                <h1>Centrul<\/h1>\n            <\/div>\n            <div class=\"column-7 column-mob-12 column-tab-12\">\n                <p>Centrul nostru de tratament \u0219i cercetare a cancerului este situat \u00een Wiener Neustadt, la aproximativ 50 de kilometri sud de Viena. Este unic \u00een Austria \u0219i unul dintre cele doar \u0219ase centre comparabile din \u00eentreaga lume. Func\u021bion\u0103m ca un centru ambulatoriu independent, dar suntem \u00een re\u021bea cu clinici, universit\u0103\u021bi \u0219i institute de cercetare &#8211; nu numai \u00een Austria, ci \u0219i la nivel interna\u021bional. MedAustron este organizat sub forma unei societ\u0103\u021bi cu r\u0103spundere limitat\u0103 \u0219i se afl\u0103 \u00een proprietatea indirect\u0103 a landului Austria Inferioar\u0103 (Nieder\u00f6sterreich).<\/p>\n<p>MedAustron este, de asemenea, centrul de predare \u0219i cercetare al Universit\u0103\u021bii private de \u0219tiin\u021be medicale Karl Landsteiner pentru domeniile radio-oncologie \u0219i fizic\u0103 medical\u0103.<\/p>\n<p>Citi\u021bi totul despre aceast\u0103 metod\u0103 special\u0103 de terapie \u00een sec\u021biunea <a href=\"https:\/\/www.medaustron.at\/ionentherapie\/\">Terapia cu ioni<\/a>. Dac\u0103 v\u0103 intereseaz\u0103 acceleratorul \u0219i tehnologia medical\u0103, vizita\u021bi <a href=\"https:\/\/medaustron-technology.at\" rel=\"nofollow noopener\" target=\"_blank\">medaustron-technology.at<\/a>.<\/p>\n            <\/div>\n        <\/div>\n    <\/div>\n<\/section>\n\n<section class=\"m04 page-66682\">\n    <div class=\"container\">\n        <div class=\"row has_gutter\">\n            <div class=\"column-8 column-mob-12\">\n            \t\t            \t<h5>Contacta\u0163i-ne<\/h5>\n            \t            \t            \t\t<h3>Ave\u021bi \u00eentreb\u0103ri despre terapia cu ioni?<\/h3>\n            \t            \t            \t\t<p>Ave\u021bi \u00eentreb\u0103ri legate de terapie sau de procedur\u0103? Orice dori\u021bi s\u0103 \u0219ti\u021bi, nu ezita\u021bi s\u0103 ne contacta\u021bi. V\u0103 vom r\u0103spunde \u00een termen de dou\u0103 zile lucr\u0103toare.<\/p>\n            \t                                    <a href=\"https:\/\/www.medaustron.at\/ro\/therapieanfrage\/\" target=\"_blank\">Solicitare terapie<\/a>\n                                            <\/div>\n            <div class=\"column-4 hidden-mob\">\n                                    <img decoding=\"async\" src=\"https:\/\/www.medaustron.at\/wp-content\/uploads\/2021\/03\/contact.svg\" alt=\"Ave\u021bi \u00eentreb\u0103ri despre terapia cu ioni?\">\n                            <\/div>\n        <\/div>\n    <\/div>\n<\/section>\n\n\n\n\n","protected":false},"excerpt":{"rendered":"","protected":false},"author":12,"featured_media":0,"parent":0,"menu_order":44,"comment_status":"closed","ping_status":"closed","template":"","meta":{"_acf_changed":false,"_uag_custom_page_level_css":"","footnotes":""},"class_list":["post-9124","page","type-page","status-publish","hentry"],"acf":[],"uagb_featured_image_src":{"full":false,"thumbnail":false,"medium":false,"medium_large":false,"large":false,"1536x1536":false,"2048x2048":false,"gform-image-choice-sm":false,"gform-image-choice-md":false,"gform-image-choice-lg":false},"uagb_author_info":{"display_name":"Andreas Teufel","author_link":"https:\/\/www.medaustron.at\/ro\/author\/a-teufel\/"},"uagb_comment_info":0,"uagb_excerpt":null,"_links":{"self":[{"href":"https:\/\/www.medaustron.at\/ro\/wp-json\/wp\/v2\/pages\/9124","targetHints":{"allow":["GET"]}}],"collection":[{"href":"https:\/\/www.medaustron.at\/ro\/wp-json\/wp\/v2\/pages"}],"about":[{"href":"https:\/\/www.medaustron.at\/ro\/wp-json\/wp\/v2\/types\/page"}],"author":[{"embeddable":true,"href":"https:\/\/www.medaustron.at\/ro\/wp-json\/wp\/v2\/users\/12"}],"replies":[{"embeddable":true,"href":"https:\/\/www.medaustron.at\/ro\/wp-json\/wp\/v2\/comments?post=9124"}],"version-history":[{"count":13,"href":"https:\/\/www.medaustron.at\/ro\/wp-json\/wp\/v2\/pages\/9124\/revisions"}],"predecessor-version":[{"id":10508,"href":"https:\/\/www.medaustron.at\/ro\/wp-json\/wp\/v2\/pages\/9124\/revisions\/10508"}],"wp:attachment":[{"href":"https:\/\/www.medaustron.at\/ro\/wp-json\/wp\/v2\/media?parent=9124"}],"curies":[{"name":"wp","href":"https:\/\/api.w.org\/{rel}","templated":true}]}}