{"id":9114,"date":"2024-11-27T10:36:00","date_gmt":"2024-11-27T08:36:00","guid":{"rendered":"https:\/\/www.medaustron.at\/?page_id=9114"},"modified":"2025-02-24T12:55:07","modified_gmt":"2025-02-24T10:55:07","slug":"indikationen","status":"publish","type":"page","link":"https:\/\/www.medaustron.at\/ro\/indikationen\/","title":{"rendered":"Indica\u021bii"},"content":{"rendered":"<section class=\"m06 page-8066\">\n\n    <div class=\"page_banner__thumb\"\n         style=\"background-image: url(https:\/\/www.medaustron.at\/wp-content\/uploads\/2021\/06\/2021_P010_MedAustron_TKP__392-e1623052733892.jpg);\"\n        >\n            <\/div>\n\n\n                <\/section>\n\n<section class=\"m49 page-19923\">\n    <div class=\"container\">\n        <div class=\"row has_gutter\">\n            <div class=\"column-4 column-mob-12 column-tab-12\">\n                <h1>Indica\u021bii<\/h1>\n            <\/div>\n            <div class=\"column-7 column-mob-12 column-tab-12\">\n                <p>Tumorile din apropierea organelor radiosensibile sunt principalul domeniu de aplicare pentru terapia cu particule. Tumorile pediatrice \u0219i recidivele locale constituie, de asemenea, grupuri importante de pacien\u021bi pentru terapia cu particule \u00eenc\u0103rcate.<\/p>\n\n<p><strong>Pe aceast\u0103 pagin\u0103 ve\u021bi g\u0103si informa\u021bii despre toate tipurile de boal\u0103 care sunt tratate \u00een prezent la MedAustron.<\/strong><\/p>\n            <\/div>\n        <\/div>\n    <\/div>\n<\/section>\n\n<section class=\"m42 page-14257\">\n    <div class=\"container\">\n        <div class=\"m42_wrapper\">\n            <div class=\"article_content\">\n                <h3>Afec\u021biuni medicale \u0219i tratamentul lor la MedAustron:<\/h3>\n<ul>\n<li>Sistemul nervos central<\/li>\n<li>Baza cranian\u0103<\/li>\n<li>ORL<\/li>\n<li>Tractul gastrointestinal<\/li>\n<li>Bazin<\/li>\n<li>Sarcoame<\/li>\n<li>Tumori maligne pediatrice<\/li>\n<li>Tumori inoperabile de volum mare<\/li>\n<\/ul>\n            <\/div>\n        <\/div>\n    <\/div>\n<\/section>\n\n\n<section class=\"m04 page-15885\">\n    <div class=\"container\">\n        <div class=\"row has_gutter\">\n            <div class=\"column-8 column-mob-12\">\n            \t\t            \t<h5>Contacta\u0163i-ne<\/h5>\n            \t            \t            \t\t<h3>Ave\u021bi \u00eentreb\u0103ri despre terapia cu ioni?<\/h3>\n            \t            \t            \t\t<p>Ave\u021bi \u00eentreb\u0103ri legate de terapie sau de procedur\u0103? Orice dori\u021bi s\u0103 \u0219ti\u021bi, nu ezita\u021bi s\u0103 ne contacta\u021bi. V\u0103 vom r\u0103spunde \u00een termen de dou\u0103 zile lucr\u0103toare.<\/p>\n            \t                                    <a href=\"\/kontakt\" target=\"_blank\">Contact<\/a>\n                                                    <a href=\"\/therapieanfrage\/\" target=\"_blank\" class=\"m04__btn-outline\">Solicitare terapie<\/a>\n                            <\/div>\n            <div class=\"column-4 hidden-mob\">\n                                    <img decoding=\"async\" src=\"https:\/\/www.medaustron.at\/wp-content\/uploads\/2021\/03\/contact.svg\" alt=\"Ave\u021bi \u00eentreb\u0103ri despre terapia cu ioni?\">\n                            <\/div>\n        <\/div>\n    <\/div>\n<\/section>\n","protected":false},"excerpt":{"rendered":"","protected":false},"author":12,"featured_media":0,"parent":0,"menu_order":38,"comment_status":"closed","ping_status":"closed","template":"","meta":{"_acf_changed":false,"_uag_custom_page_level_css":"","footnotes":""},"class_list":["post-9114","page","type-page","status-publish","hentry"],"acf":[],"uagb_featured_image_src":{"full":false,"thumbnail":false,"medium":false,"medium_large":false,"large":false,"1536x1536":false,"2048x2048":false,"gform-image-choice-sm":false,"gform-image-choice-md":false,"gform-image-choice-lg":false},"uagb_author_info":{"display_name":"Andreas Teufel","author_link":"https:\/\/www.medaustron.at\/ro\/author\/a-teufel\/"},"uagb_comment_info":0,"uagb_excerpt":null,"_links":{"self":[{"href":"https:\/\/www.medaustron.at\/ro\/wp-json\/wp\/v2\/pages\/9114","targetHints":{"allow":["GET"]}}],"collection":[{"href":"https:\/\/www.medaustron.at\/ro\/wp-json\/wp\/v2\/pages"}],"about":[{"href":"https:\/\/www.medaustron.at\/ro\/wp-json\/wp\/v2\/types\/page"}],"author":[{"embeddable":true,"href":"https:\/\/www.medaustron.at\/ro\/wp-json\/wp\/v2\/users\/12"}],"replies":[{"embeddable":true,"href":"https:\/\/www.medaustron.at\/ro\/wp-json\/wp\/v2\/comments?post=9114"}],"version-history":[{"count":13,"href":"https:\/\/www.medaustron.at\/ro\/wp-json\/wp\/v2\/pages\/9114\/revisions"}],"predecessor-version":[{"id":10341,"href":"https:\/\/www.medaustron.at\/ro\/wp-json\/wp\/v2\/pages\/9114\/revisions\/10341"}],"wp:attachment":[{"href":"https:\/\/www.medaustron.at\/ro\/wp-json\/wp\/v2\/media?parent=9114"}],"curies":[{"name":"wp","href":"https:\/\/api.w.org\/{rel}","templated":true}]}}