{"id":9105,"date":"2024-11-27T10:31:00","date_gmt":"2024-11-27T08:31:00","guid":{"rendered":"https:\/\/www.medaustron.at\/?page_id=9105"},"modified":"2025-11-25T16:45:25","modified_gmt":"2025-11-25T14:45:25","slug":"home","status":"publish","type":"page","link":"https:\/\/www.medaustron.at\/ro\/","title":{"rendered":"Home"},"content":{"rendered":"<section class=\"m01\">\n    <div class=\"m01--images\">\n                <img decoding=\"async\" src=\"https:\/\/www.medaustron.at\/wp-content\/uploads\/2021\/06\/2021_P010_MedAustron_TKP__807.jpg\"\n            class=\"m01--image-0 is--active\"\n            alt=\"Solicitare terapie\">\n                <img decoding=\"async\" src=\"https:\/\/www.medaustron.at\/wp-content\/uploads\/2021\/06\/2021_P010_MedAustron_TKP__850-e1623065388160.jpg\"\n            class=\"m01--image-1\"\n            alt=\"\u00cen tratament\">\n                <img decoding=\"async\" src=\"https:\/\/www.medaustron.at\/wp-content\/uploads\/2021\/06\/2021_P010_MedAustron_TKP__302.jpg\"\n            class=\"m01--image-2\"\n            alt=\"Devenind pacient \">\n            <\/div>\n    <div class=\"container\">\n        <div class=\"homepage_slider\">\n            <div class=\"homepage_slider__content\">\n                                <span>Noi putem aduce speran\u021b\u0103 <\/span>\n                                                <h2>Solicitare terapie<\/h2>\n                            <\/div>\n            <div class=\"homepage-slider\">\n                \t\t\t\t                <div class=\"homepage_slide current-slide is--hovered\"\n                    data-image=\"0\" data-title=\"Solicitare terapie\"\n                    data-subtitle=\"Noi putem aduce speran\u021b\u0103 \">\n                    <div class=\"homepage_slide_box\">\n                        <a href=\"\/therapieanfrage\/\">\n                            <div class=\"homepage_slide_box__icon\">\n                                <img decoding=\"async\" src=\"https:\/\/www.medaustron.at\/wp-content\/uploads\/2020\/12\/assets-icons-ic_healthcare.svg\" alt=\"\">\n                            <\/div>\n                            <div class=\"homepage_slide_box__content\">\n                                <h4>Solicitare terapie<\/h4>\n                                <p>Aici ve\u021bi g\u0103si tot ce trebuie s\u0103 \u0219ti\u021bi despre solicitarea terapiei<\/p>\n                            <\/div>\n                        <\/a>\n                    <\/div>\n                <\/div>\n                \t\t\t\t                <div class=\"homepage_slide\"\n                    data-image=\"1\" data-title=\"\u00cen tratament\"\n                    data-subtitle=\"Noi putem aduce speran\u021b\u0103 \">\n                    <div class=\"homepage_slide_box\">\n                        <a href=\"\/in-behandlung\/\">\n                            <div class=\"homepage_slide_box__icon\">\n                                <img decoding=\"async\" src=\"https:\/\/www.medaustron.at\/wp-content\/uploads\/2020\/12\/assets-icons-ic_healthcare_2-2.svg\" alt=\"\">\n                            <\/div>\n                            <div class=\"homepage_slide_box__content\">\n                                <h4>\u00cen tratament<\/h4>\n                                <p>Echipa dumneavoastr\u0103 medical\u0103, cum decurge terapia cu ioni \u0219i ce facem pentru dumneavoastr\u0103 \u00een afar\u0103 de tratamente<\/p>\n                            <\/div>\n                        <\/a>\n                    <\/div>\n                <\/div>\n                \t\t\t\t                <div class=\"homepage_slide\"\n                    data-image=\"2\" data-title=\"Devenind pacient \"\n                    data-subtitle=\"Noi putem aduce speran\u021b\u0103 \">\n                    <div class=\"homepage_slide_box\">\n                        <a href=\"\/patientin-werden\/\">\n                            <div class=\"homepage_slide_box__icon\">\n                                <img decoding=\"async\" src=\"https:\/\/www.medaustron.at\/wp-content\/uploads\/2020\/12\/assets-icons-ic_healthcare_2-2.svg\" alt=\"\">\n                            <\/div>\n                            <div class=\"homepage_slide_box__content\">\n                                <h4>Devenind pacient <\/h4>\n                                <p>Ce face terapia cu ioni, ce putem trata \u0219i cum pute\u021bi veni la noi<\/p>\n                            <\/div>\n                        <\/a>\n                    <\/div>\n                <\/div>\n                            <\/div>\n        <\/div>\n    <\/div>\n<\/section>\n\n\n<section class=\"m02 page-66309\">\n    <div class=\"container\">\n        <div class=\"row has_gutter\">\n            <div class=\"column-5 column-mob-12 column-tab-12\">\n            \t\t            \t<h5>Bine ati venit!<\/h5>\n            \t            \t            \t\t<h3>O nou\u0103 dimensiune a radioterapiei<\/h3>\n            \t            <\/div>\n            <div class=\"column-7 column-mob-12 column-tab-12\">\n            \t            \t\t<p>Terapia cu ioni permite un tratament local al cancerului individualizat, de mare precizie. Doar \u00een c\u00e2teva loca\u021bii din \u00eentreaga lume se poate efectua acest tratament at\u00e2t cu protoni, c\u00e2t \u0219i cu ioni de carbon, a\u0219a cum este cazul la MedAustron.<\/p>\n            \t            <\/div>\n        <\/div>\n    <\/div>\n<\/section>\n\n<section class=\"m04 page-15795\">\n    <div class=\"container\">\n        <div class=\"row has_gutter\">\n            <div class=\"column-8 column-mob-12\">\n            \t\t            \t<h5>Contacta\u0163i-ne<\/h5>\n            \t            \t            \t\t<h3>Ave\u021bi \u00eentreb\u0103ri despre terapia cu ioni?<\/h3>\n            \t            \t            \t\t<p>Ave\u021bi \u00eentreb\u0103ri legate de terapie sau de procedur\u0103? Orice dori\u021bi s\u0103 \u0219ti\u021bi, nu ezita\u021bi s\u0103 ne contacta\u021bi. V\u0103 vom r\u0103spunde \u00een termen de dou\u0103 zile lucr\u0103toare.<\/p>\n            \t                                    <a href=\"\/kontakt\" target=\"_blank\">Contact<\/a>\n                                                    <a href=\"\/therapieanfrage\" target=\"_blank\" class=\"m04__btn-outline\">Solicitare terapie<\/a>\n                            <\/div>\n            <div class=\"column-4 hidden-mob\">\n                                    <img decoding=\"async\" src=\"https:\/\/www.medaustron.at\/wp-content\/uploads\/2021\/03\/contact.svg\" alt=\"Ave\u021bi \u00eentreb\u0103ri despre terapia cu ioni?\">\n                            <\/div>\n        <\/div>\n    <\/div>\n<\/section>\n","protected":false},"excerpt":{"rendered":"","protected":false},"author":12,"featured_media":0,"parent":0,"menu_order":48,"comment_status":"closed","ping_status":"closed","template":"","meta":{"_acf_changed":false,"_uag_custom_page_level_css":"","footnotes":""},"class_list":["post-9105","page","type-page","status-publish","hentry"],"acf":[],"uagb_featured_image_src":{"full":false,"thumbnail":false,"medium":false,"medium_large":false,"large":false,"1536x1536":false,"2048x2048":false,"gform-image-choice-sm":false,"gform-image-choice-md":false,"gform-image-choice-lg":false},"uagb_author_info":{"display_name":"Andreas Teufel","author_link":"https:\/\/www.medaustron.at\/ro\/author\/a-teufel\/"},"uagb_comment_info":0,"uagb_excerpt":null,"_links":{"self":[{"href":"https:\/\/www.medaustron.at\/ro\/wp-json\/wp\/v2\/pages\/9105","targetHints":{"allow":["GET"]}}],"collection":[{"href":"https:\/\/www.medaustron.at\/ro\/wp-json\/wp\/v2\/pages"}],"about":[{"href":"https:\/\/www.medaustron.at\/ro\/wp-json\/wp\/v2\/types\/page"}],"author":[{"embeddable":true,"href":"https:\/\/www.medaustron.at\/ro\/wp-json\/wp\/v2\/users\/12"}],"replies":[{"embeddable":true,"href":"https:\/\/www.medaustron.at\/ro\/wp-json\/wp\/v2\/comments?post=9105"}],"version-history":[{"count":7,"href":"https:\/\/www.medaustron.at\/ro\/wp-json\/wp\/v2\/pages\/9105\/revisions"}],"predecessor-version":[{"id":11698,"href":"https:\/\/www.medaustron.at\/ro\/wp-json\/wp\/v2\/pages\/9105\/revisions\/11698"}],"wp:attachment":[{"href":"https:\/\/www.medaustron.at\/ro\/wp-json\/wp\/v2\/media?parent=9105"}],"curies":[{"name":"wp","href":"https:\/\/api.w.org\/{rel}","templated":true}]}}