{"id":9020,"date":"2024-10-27T18:31:23","date_gmt":"2024-10-27T16:31:23","guid":{"rendered":"https:\/\/www.medaustron.at\/?page_id=9020"},"modified":"2025-02-18T10:26:06","modified_gmt":"2025-02-18T08:26:06","slug":"devenind-pacient","status":"publish","type":"page","link":"https:\/\/www.medaustron.at\/ro\/devenind-pacient\/","title":{"rendered":"Devenind pacient"},"content":{"rendered":"<section class=\"m06 page-2213\">\n\n    <div class=\"page_banner__thumb\"\n         style=\"background-image: url(https:\/\/www.medaustron.at\/wp-content\/uploads\/2021\/06\/2021_P010_MedAustron_TKP__302.jpg);\"\n        >\n            <\/div>\n\n\n                        <div class=\"container\">\n                <div class=\"page_banner__bottom\">\n                                                                <div class=\"page_banner__content\">\n                                                            <h1>Devenind pacient <\/h1>\n                                                                                        <p>Aici pute\u021bi afla totul despre <a href=\"https:\/\/www.medaustron.at\/ionentherapie\/\">metoda de terapie<\/a>, tablouri <a href=\"https:\/\/www.medaustron.at\/indikationen\/\">clinice de boli<\/a> tratate \u0219i calea dumneavoastr\u0103 spre terapia cu ioni la MedAustron.<\/p>\n                                                                                <\/div>\n                                    <\/div>\n            <\/div>\n            <\/section>\n\n<section class=\"m07 page-30475\"  style=\"background-color: #F5F5F5\" >\n    <div class=\"container\">\n        <div class=\"m07__inner\">\n                        <h5>Despre metod\u0103<\/h5>\n                                    <h3>Terapia cu ioni explicat\u0103 pe scurt<\/h3>\n                                    <p class=\"full\">MedAustron utilizeaz\u0103 o form\u0103 inovatoare de radioterapie care folose\u0219te protoni \u0219i ioni de carbon. Comparativ cu radioterapia conven\u021bional\u0103, aceasta este mai bl\u00e2nd\u0103 pentru \u021besutul s\u0103n\u0103tos din jur.<\/p>\n                                    <p>Terapia cu ioni sau cu particule face posibil\u0103 reducerea expunerii la radia\u021bii a \u021besuturilor s\u0103n\u0103toase \u00een compara\u021bie cu radioterapia conven\u021bional\u0103 &#8211; ceea ce o face s\u0103 fie un tratament ideal pentru tumorile din vecin\u0103tatea organelor sensibile la radia\u021bii. Riscul de efecte secundare \u0219i de efecte tardive poate fi redus la minimum, cresc\u00e2nd astfel \u0219ansele de recuperare pentru pacien\u021bii\/pacientele cu cancer. Terapia cu protoni este deosebit de potrivit\u0103 pentru copii \u0219i adolescen\u021bi, \u00een timp ce iradierea cu ioni de carbon reprezint\u0103 o \u0219ans\u0103 real\u0103 pentru tumorile care sunt rezistente la radioterapia conven\u021bional\u0103.<\/p>\n                                    <a class=\"is--button\"\n                href=\"https:\/\/www.medaustron.at\/ro\/ionentherapie\/\" target=\"_blank\">Mai multe informa\u021bii<\/a>\n                    <\/div>\n    <\/div>\n<\/section>\n\n<section class=\"m08 page-51926\">\n    <div class=\"container\">\n        <div class=\"m08_wrapp\">\n            <div class=\"m08_wrapp__content show-mob show-tab\">\n                <div class=\"m08_wrapp__content-inner\">\n                                        <h5>Tablouri clinice<\/h5>\n                                                            <h3>Indica\u021bii<\/h3>\n                                    <\/div>\n                                <a href=\"https:\/\/www.medaustron.at\/ro\/indikationen\/\" class=\"btn_link_with_arrow\">la Indica\u021bii<\/a>\n                            <\/div>\n                        <div class=\"m08_wrapp__image\">\n                <img decoding=\"async\" src=\"https:\/\/www.medaustron.at\/wp-content\/uploads\/2025\/02\/20240720_MedAustron-809-scaled.jpg\" alt=\"\">\n            <\/div>\n                        <div class=\"m08_wrapp__content\">\n                                <a href=\"https:\/\/www.medaustron.at\/ro\/indikationen\/\" target=\"_blank\"\n                    class=\"btn_link_with_arrow hidden-mob hidden-tab\">la Indica\u021bii<\/a>\n                                <div class=\"m08_wrapp__content-inner\">\n                                        <h5 class=\"hidden-mob hidden-tab\">Tablouri clinice<\/h5>\n                                                            <h3 class=\"hidden-mob hidden-tab\">Indica\u021bii<\/h3>\n                                                            <p>Tumorile din apropierea organelor radiosensibile sunt principalul domeniu de aplicare pentru terapia cu particule. Tumorile pediatrice \u0219i recidivele locale constituie, de asemenea, grupuri importante de pacien\u021bi pentru terapia cu particule \u00eenc\u0103rcate.<\/p>\n                                    <\/div>\n            <\/div>\n        <\/div>\n    <\/div>\n<\/section>\n\n<section class=\"m10 page-86567\" >\n    <div class=\"container\">\n        <div class=\"m10__top\">\n            <div class=\"m10__top__left\">\n                                <h5>Pentru micii no\u0219tri pacien\u021bi<\/h5>\n                                                <h3>Tratamentul copiilor<\/h3>\n                            <\/div>\n                    <\/div>\n        <div class=\"row has_gutter\">\n            <div class=\"benefits-slider\">\n                                <div class=\"column-4\">\n                    <div class=\"m10_box\">\n                        \n                        <a href=\"https:\/\/www.medaustron.at\/ro\/ionentherapie\/\" target=\"_blank\">\n                            <div class=\"m10_box__icon\">\n                                                                <img decoding=\"async\" src=\"https:\/\/www.medaustron.at\/wp-content\/uploads\/2020\/12\/assets-icons-ic_healthcare.svg\" alt=\"\">\n                                                            <\/div>\n                            <div class=\"m10_box__content\">\n                                <h4>Avantajele terapiei cu ioni<\/h4>\n                                                                <p>Terapia cu ioni este o form\u0103 bl\u00e2nd\u0103 de tratament, \u00een special pentru \u021besuturile care sunt \u00eenc\u0103 \u00een cre\u0219tere, \u0219i poate reduce semnificativ riscul de efecte tardive.<\/p>\n                                                            <\/div>\n                        <\/a>\n                    <\/div>\n                <\/div>\n                                <div class=\"column-4\">\n                    <div class=\"m10_box\">\n                        \n                        <a href=\"https:\/\/www.medaustron.at\/ro\/in-behandlung\/\" target=\"_blank\">\n                            <div class=\"m10_box__icon\">\n                                                                <img decoding=\"async\" src=\"https:\/\/www.medaustron.at\/wp-content\/uploads\/2020\/12\/assets-icons-ic_healthcare.svg\" alt=\"\">\n                                                            <\/div>\n                            <div class=\"m10_box__content\">\n                                <h4>Serviciu pentru familii<\/h4>\n                                                                <p>Tratamentul cancerului nu \u00eei pune doar pe tinerii pacien\u021bi \u00een\u0219i\u0219i, ci \u0219i \u00eentreaga familie \u00eentr-o situa\u021bie excep\u021bional\u0103. Coordonatorii no\u0219tri de \u00eengrijire a pacien\u021bilor fac terapia zilnic\u0103 mai u\u0219oar\u0103.<\/p>\n                                                            <\/div>\n                        <\/a>\n                    <\/div>\n                <\/div>\n                                <div class=\"column-4\">\n                    <div class=\"m10_box\">\n                        \n                        <a href=\"https:\/\/www.medaustron.at\/ro\/arztinnenteam\/\" target=\"_blank\">\n                            <div class=\"m10_box__icon\">\n                                                                <img decoding=\"async\" src=\"https:\/\/www.medaustron.at\/wp-content\/uploads\/2020\/12\/assets-icons-ic_healthcare.svg\" alt=\"\">\n                                                            <\/div>\n                            <div class=\"m10_box__content\">\n                                <h4>Mul\u021bi ani de experien\u021b\u0103<\/h4>\n                                                                <p>Tinerii pacien\u021bi \u0219i p\u0103rin\u021bii se pot baza pe expertiza echipei noastre, incluz\u00e2nd pionierul \u00een tratamentul pacien\u021bilor pediatrici.<\/p>\n                                                            <\/div>\n                        <\/a>\n                    <\/div>\n                <\/div>\n                            <\/div>\n        <\/div>\n    <\/div>\n<\/section>\n\n<section class=\"m04 page-20712\">\n    <div class=\"container\">\n        <div class=\"row has_gutter\">\n            <div class=\"column-8 column-mob-12\">\n            \t\t            \t<h5>Contacta\u0163i-ne<\/h5>\n            \t            \t            \t\t<h3>Ave\u021bi \u00eentreb\u0103ri despre terapia cu ioni?<\/h3>\n            \t            \t            \t\t<p>Ave\u021bi \u00eentreb\u0103ri legate de terapie sau de procedur\u0103? Orice dori\u021bi s\u0103 \u0219ti\u021bi, nu ezita\u021bi s\u0103 ne contacta\u021bi. V\u0103 vom r\u0103spunde \u00een termen de dou\u0103 zile lucr\u0103toare.<\/p>\n            \t                                    <a href=\"\/kontakt\" target=\"_blank\">Contact<\/a>\n                                                    <a href=\"\/therapieanfrage\/\" target=\"_blank\" class=\"m04__btn-outline\">Solicitare terapie<\/a>\n                            <\/div>\n            <div class=\"column-4 hidden-mob\">\n                                    <img decoding=\"async\" src=\"https:\/\/www.medaustron.at\/wp-content\/uploads\/2021\/03\/contact.svg\" alt=\"Ave\u021bi \u00eentreb\u0103ri despre terapia cu ioni?\">\n                            <\/div>\n        <\/div>\n    <\/div>\n<\/section>\n","protected":false},"excerpt":{"rendered":"","protected":false},"author":12,"featured_media":0,"parent":0,"menu_order":46,"comment_status":"closed","ping_status":"closed","template":"","meta":{"_acf_changed":false,"_uag_custom_page_level_css":"","footnotes":""},"class_list":["post-9020","page","type-page","status-publish","hentry"],"acf":[],"uagb_featured_image_src":{"full":false,"thumbnail":false,"medium":false,"medium_large":false,"large":false,"1536x1536":false,"2048x2048":false,"gform-image-choice-sm":false,"gform-image-choice-md":false,"gform-image-choice-lg":false},"uagb_author_info":{"display_name":"Andreas Teufel","author_link":"https:\/\/www.medaustron.at\/ro\/author\/a-teufel\/"},"uagb_comment_info":0,"uagb_excerpt":null,"_links":{"self":[{"href":"https:\/\/www.medaustron.at\/ro\/wp-json\/wp\/v2\/pages\/9020","targetHints":{"allow":["GET"]}}],"collection":[{"href":"https:\/\/www.medaustron.at\/ro\/wp-json\/wp\/v2\/pages"}],"about":[{"href":"https:\/\/www.medaustron.at\/ro\/wp-json\/wp\/v2\/types\/page"}],"author":[{"embeddable":true,"href":"https:\/\/www.medaustron.at\/ro\/wp-json\/wp\/v2\/users\/12"}],"replies":[{"embeddable":true,"href":"https:\/\/www.medaustron.at\/ro\/wp-json\/wp\/v2\/comments?post=9020"}],"version-history":[{"count":11,"href":"https:\/\/www.medaustron.at\/ro\/wp-json\/wp\/v2\/pages\/9020\/revisions"}],"predecessor-version":[{"id":10225,"href":"https:\/\/www.medaustron.at\/ro\/wp-json\/wp\/v2\/pages\/9020\/revisions\/10225"}],"wp:attachment":[{"href":"https:\/\/www.medaustron.at\/ro\/wp-json\/wp\/v2\/media?parent=9020"}],"curies":[{"name":"wp","href":"https:\/\/api.w.org\/{rel}","templated":true}]}}